{"id":325,"date":"2025-11-13T16:20:11","date_gmt":"2025-11-13T16:20:11","guid":{"rendered":"https:\/\/gitepelerinlechemin.com\/gite\/chemins-pelerins\/"},"modified":"2025-12-04T15:03:34","modified_gmt":"2025-12-04T15:03:34","slug":"chemins-pelerins","status":"publish","type":"page","link":"https:\/\/gitepelerinlechemin.com\/fr\/gite\/chemins-pelerins\/","title":{"rendered":"Chemins p\u00e8lerins"},"content":{"rendered":"<p>[et_pb_section fb_built=\u00a0\u00bb1&Prime; custom_padding_last_edited=\u00a0\u00bbon|tablet\u00a0\u00bb next_background_color=\u00a0\u00bb#b9983f\u00a0\u00bb _builder_version=\u00a0\u00bb4.27.4&Prime; _module_preset=\u00a0\u00bbdefault\u00a0\u00bb background_color=\u00a0\u00bb#f8f1e8&Prime; use_background_color_gradient=\u00a0\u00bbon\u00a0\u00bb background_color_gradient_direction=\u00a0\u00bb156deg\u00a0\u00bb background_color_gradient_stops=\u00a0\u00bb#f8f1e8 0%|rgba(131,126,72,0.53) 100%\u00a0\u00bb custom_padding=\u00a0\u00bb||230px|||\u00a0\u00bb custom_padding_tablet=\u00a0\u00bb||100px||false|false\u00a0\u00bb custom_padding_phone=\u00a0\u00bb||100px||false|false\u00a0\u00bb bottom_divider_style=\u00a0\u00bbwave2&Prime; bottom_divider_flip=\u00a0\u00bbvertical\u00a0\u00bb bottom_divider_height_tablet=\u00a0\u00bb50px\u00a0\u00bb bottom_divider_height_phone=\u00a0\u00bb25px\u00a0\u00bb bottom_divider_height_last_edited=\u00a0\u00bbon|phone\u00a0\u00bb global_colors_info=\u00a0\u00bb{}\u00a0\u00bb][et_pb_row _builder_version=\u00a0\u00bb4.27.4&Prime; _module_preset=\u00a0\u00bbdefault\u00a0\u00bb custom_margin=\u00a0\u00bb||0px||false|false\u00a0\u00bb custom_padding=\u00a0\u00bb||0px||false|false\u00a0\u00bb global_colors_info=\u00a0\u00bb{}\u00a0\u00bb][et_pb_column type=\u00a0\u00bb4_4&Prime; _builder_version=\u00a0\u00bb4.27.4&Prime; _module_preset=\u00a0\u00bbdefault\u00a0\u00bb global_colors_info=\u00a0\u00bb{}\u00a0\u00bb][et_pb_text module_class=\u00a0\u00bbhangyaboly\u00a0\u00bb _builder_version=\u00a0\u00bb4.27.4&Prime; _module_preset=\u00a0\u00bbdefault\u00a0\u00bb text_text_color=\u00a0\u00bb#FFFFFF\u00a0\u00bb text_font_size=\u00a0\u00bb65px\u00a0\u00bb header_text_align=\u00a0\u00bbleft\u00a0\u00bb header_text_color=\u00a0\u00bb#d87e32&Prime; header_font_size=\u00a0\u00bb60px\u00a0\u00bb text_orientation=\u00a0\u00bbcenter\u00a0\u00bb custom_margin=\u00a0\u00bb||0px||false|false\u00a0\u00bb custom_padding=\u00a0\u00bb||||false|false\u00a0\u00bb text_font_size_tablet=\u00a0\u00bb50px\u00a0\u00bb text_font_size_phone=\u00a0\u00bb50px\u00a0\u00bb text_font_size_last_edited=\u00a0\u00bbon|phone\u00a0\u00bb global_colors_info=\u00a0\u00bb{}\u00a0\u00bb]<\/p>\n<h1>Chemins p\u00e8lerins autour de V\u00e9zelay et du Chemin<\/h1>\n<p>[\/et_pb_text][\/et_pb_column][\/et_pb_row][et_pb_row column_structure=\u00a0\u00bb3_5,2_5&Prime; _builder_version=\u00a0\u00bb4.27.4&Prime; _module_preset=\u00a0\u00bbdefault\u00a0\u00bb global_colors_info=\u00a0\u00bb{}\u00a0\u00bb][et_pb_column type=\u00a0\u00bb3_5&Prime; _builder_version=\u00a0\u00bb4.27.4&Prime; _module_preset=\u00a0\u00bbdefault\u00a0\u00bb global_colors_info=\u00a0\u00bb{}\u00a0\u00bb][et_pb_text _builder_version=\u00a0\u00bb4.27.4&Prime; _module_preset=\u00a0\u00bbdefault\u00a0\u00bb text_font=\u00a0\u00bbPoppins||||||||\u00a0\u00bb text_text_color=\u00a0\u00bb#604823&Prime; text_font_size=\u00a0\u00bb18px\u00a0\u00bb text_line_height=\u00a0\u00bb1.8em\u00a0\u00bb global_colors_info=\u00a0\u00bb{}\u00a0\u00bb]<\/p>\n<p data-start=\"401\" data-end=\"556\">Le g\u00eete P\u00e8lerin \u2013 Le Chemin b\u00e9n\u00e9ficie d&rsquo;une situation g\u00e9ographique exceptionnelle : plusieurs itin\u00e9raires de p\u00e8lerinage bien connus s&rsquo;y rejoignent ou passent \u00e0 proximit\u00e9. Que vous voyagiez \u00e0 pied ou \u00e0 v\u00e9lo, vous trouverez toujours des liaisons avec les grands axes routiers menant \u00e0 Saint-Jacques-de-Compostelle, ainsi qu&rsquo;avec de magnifiques sentiers de randonn\u00e9e en boucle dans la r\u00e9gion. <\/p>\n<p>[\/et_pb_text][et_pb_text module_class=\u00a0\u00bbhangyaboly\u00a0\u00bb _builder_version=\u00a0\u00bb4.27.4&Prime; _module_preset=\u00a0\u00bbdefault\u00a0\u00bb text_text_color=\u00a0\u00bb#FFFFFF\u00a0\u00bb text_font_size=\u00a0\u00bb65px\u00a0\u00bb header_text_align=\u00a0\u00bbleft\u00a0\u00bb header_text_color=\u00a0\u00bb#d87e32&Prime; header_font_size=\u00a0\u00bb60px\u00a0\u00bb header_2_font=\u00a0\u00bb||||||||\u00a0\u00bb header_2_text_align=\u00a0\u00bbleft\u00a0\u00bb header_2_text_color=\u00a0\u00bb#604823&Prime; header_2_font_size=\u00a0\u00bb45px\u00a0\u00bb text_orientation=\u00a0\u00bbcenter\u00a0\u00bb custom_margin=\u00a0\u00bb||10px||false|false\u00a0\u00bb custom_margin_tablet=\u00a0\u00bb||10px||false|false\u00a0\u00bb custom_margin_phone=\u00a0\u00bb||10px||false|false\u00a0\u00bb custom_margin_last_edited=\u00a0\u00bbon|phone\u00a0\u00bb custom_padding=\u00a0\u00bb||||false|false\u00a0\u00bb text_font_size_tablet=\u00a0\u00bb50px\u00a0\u00bb text_font_size_phone=\u00a0\u00bb50px\u00a0\u00bb text_font_size_last_edited=\u00a0\u00bbon|phone\u00a0\u00bb global_colors_info=\u00a0\u00bb{}\u00a0\u00bb]<\/p>\n<h2>Chemin p\u00e8lerins de V\u00e9zelay \u00e0 Saint-Jean-Pied-de-Port<\/h2>\n<p>[\/et_pb_text][et_pb_text _builder_version=\u00a0\u00bb4.27.4&Prime; _module_preset=\u00a0\u00bbdefault\u00a0\u00bb text_font=\u00a0\u00bbPoppins||||||||\u00a0\u00bb text_text_color=\u00a0\u00bb#604823&Prime; text_font_size=\u00a0\u00bb18px\u00a0\u00bb text_line_height=\u00a0\u00bb1.8em\u00a0\u00bb global_colors_info=\u00a0\u00bb{}\u00a0\u00bb]<\/p>\n<p>La voie passant par V\u00e9zelay est l&rsquo;un des itin\u00e9raires de p\u00e8lerinage fran\u00e7ais classiques vers Saint-Jean-Pied-de-Port et, plus loin, vers Saint-Jacques-de-Compostelle.<br \/>Cette route est connue sous le nom de Voie de V\u00e9zelay ou Via Lemovicensis.<\/p>\n<p>Depuis V\u00e9zelay, l&rsquo;itin\u00e9raire se divise imm\u00e9diatement en deux variantes:<\/p>\n<ul>\n<li>une route du nord via Bourges<\/li>\n<li>un itin\u00e9raire sud via Nevers (l&rsquo;itin\u00e9raire qui passe par Le Chemin)<\/li>\n<\/ul>\n<p>C&rsquo;est un chemin p\u00e8lerins paisible et authentique qui traverse le c\u0153ur rural de la France. De nombreux p\u00e8lerins appr\u00e9cient le silence et l&rsquo;hospitalit\u00e9 spontan\u00e9e rencontr\u00e9s en chemin. <\/p>\n<p>[\/et_pb_text][\/et_pb_column][et_pb_column type=\u00a0\u00bb2_5&Prime; _builder_version=\u00a0\u00bb4.27.4&Prime; _module_preset=\u00a0\u00bbdefault\u00a0\u00bb global_colors_info=\u00a0\u00bb{}\u00a0\u00bb][et_pb_image src=\u00a0\u00bbhttps:\/\/gitepelerinlechemin.com\/wp-content\/uploads\/gitepelerin-pelgrimswegen3.jpg\u00a0\u00bb title_text=\u00a0\u00bbgitepelerin-pelgrimswegen3&Prime; _builder_version=\u00a0\u00bb4.27.4&Prime; _module_preset=\u00a0\u00bbdefault\u00a0\u00bb custom_margin=\u00a0\u00bb||||false|false\u00a0\u00bb custom_margin_tablet=\u00a0\u00bb20px||||false|false\u00a0\u00bb custom_margin_phone=\u00a0\u00bb20px||||false|false\u00a0\u00bb custom_margin_last_edited=\u00a0\u00bbon|phone\u00a0\u00bb box_shadow_style=\u00a0\u00bbpreset1&Prime; global_colors_info=\u00a0\u00bb{}\u00a0\u00bb][\/et_pb_image][\/et_pb_column][\/et_pb_row][et_pb_row column_structure=\u00a0\u00bb1_4,3_4&Prime; _builder_version=\u00a0\u00bb4.27.4&Prime; _module_preset=\u00a0\u00bbdefault\u00a0\u00bb global_colors_info=\u00a0\u00bb{}\u00a0\u00bb][et_pb_column type=\u00a0\u00bb1_4&Prime; _builder_version=\u00a0\u00bb4.27.4&Prime; _module_preset=\u00a0\u00bbdefault\u00a0\u00bb global_colors_info=\u00a0\u00bb{}\u00a0\u00bb][et_pb_image src=\u00a0\u00bbhttps:\/\/gitepelerinlechemin.com\/wp-content\/uploads\/route-frans.png\u00a0\u00bb title_text=\u00a0\u00bbroute-frans\u00a0\u00bb _builder_version=\u00a0\u00bb4.27.4&Prime; _module_preset=\u00a0\u00bbdefault\u00a0\u00bb global_colors_info=\u00a0\u00bb{}\u00a0\u00bb][\/et_pb_image][\/et_pb_column][et_pb_column type=\u00a0\u00bb3_4&Prime; _builder_version=\u00a0\u00bb4.27.4&Prime; _module_preset=\u00a0\u00bbdefault\u00a0\u00bb global_colors_info=\u00a0\u00bb{}\u00a0\u00bb][et_pb_text module_class=\u00a0\u00bbhangyaboly\u00a0\u00bb _builder_version=\u00a0\u00bb4.27.4&Prime; _module_preset=\u00a0\u00bbdefault\u00a0\u00bb text_text_color=\u00a0\u00bb#FFFFFF\u00a0\u00bb text_font_size=\u00a0\u00bb65px\u00a0\u00bb header_text_align=\u00a0\u00bbleft\u00a0\u00bb header_text_color=\u00a0\u00bb#d87e32&Prime; header_font_size=\u00a0\u00bb60px\u00a0\u00bb header_2_font=\u00a0\u00bb||||||||\u00a0\u00bb header_2_text_align=\u00a0\u00bbleft\u00a0\u00bb header_2_text_color=\u00a0\u00bb#604823&Prime; header_2_font_size=\u00a0\u00bb45px\u00a0\u00bb text_orientation=\u00a0\u00bbcenter\u00a0\u00bb custom_margin=\u00a0\u00bb||10px||false|false\u00a0\u00bb custom_margin_tablet=\u00a0\u00bb||10px||false|false\u00a0\u00bb custom_margin_phone=\u00a0\u00bb||10px||false|false\u00a0\u00bb custom_margin_last_edited=\u00a0\u00bbon|phone\u00a0\u00bb custom_padding=\u00a0\u00bb||||false|false\u00a0\u00bb text_font_size_tablet=\u00a0\u00bb50px\u00a0\u00bb text_font_size_phone=\u00a0\u00bb50px\u00a0\u00bb text_font_size_last_edited=\u00a0\u00bbon|phone\u00a0\u00bb global_colors_info=\u00a0\u00bb{}\u00a0\u00bb]<\/p>\n<h2>Tour de V\u00e9zelay<\/h2>\n<p>[\/et_pb_text][et_pb_text _builder_version=\u00a0\u00bb4.27.4&Prime; _module_preset=\u00a0\u00bbdefault\u00a0\u00bb text_font=\u00a0\u00bbPoppins||||||||\u00a0\u00bb text_text_color=\u00a0\u00bb#604823&Prime; text_font_size=\u00a0\u00bb18px\u00a0\u00bb text_line_height=\u00a0\u00bb1.8em\u00a0\u00bb global_colors_info=\u00a0\u00bb{}\u00a0\u00bb]<\/p>\n<p>Le Tour de V\u00e9zelay est une magnifique randonn\u00e9e circulaire d&rsquo;environ 135 kilom\u00e8tres, qui revient \u00e0 V\u00e9zelay. Notre g\u00eete est situ\u00e9 directement sur cet itin\u00e9raire, ainsi que sur certaines variantes plus courtes. <\/p>\n<p>C&rsquo;est une marche id\u00e9ale pour les p\u00e8lerins qui ne souhaitent pas entreprendre un long voyage jusqu&rsquo;\u00e0 Saint-Jacques-de-Compostelle, mais qui veulent tout de m\u00eame vivre l&rsquo;atmosph\u00e8re du p\u00e8lerinage.<\/p>\n<p>[\/et_pb_text][et_pb_text module_class=\u00a0\u00bbhangyaboly\u00a0\u00bb _builder_version=\u00a0\u00bb4.27.4&Prime; _module_preset=\u00a0\u00bbdefault\u00a0\u00bb text_text_color=\u00a0\u00bb#FFFFFF\u00a0\u00bb text_font_size=\u00a0\u00bb65px\u00a0\u00bb header_text_align=\u00a0\u00bbleft\u00a0\u00bb header_text_color=\u00a0\u00bb#d87e32&Prime; header_font_size=\u00a0\u00bb60px\u00a0\u00bb header_2_font=\u00a0\u00bb||||||||\u00a0\u00bb header_2_text_align=\u00a0\u00bbleft\u00a0\u00bb header_2_text_color=\u00a0\u00bb#604823&Prime; header_2_font_size=\u00a0\u00bb45px\u00a0\u00bb text_orientation=\u00a0\u00bbcenter\u00a0\u00bb custom_margin=\u00a0\u00bb||10px||false|false\u00a0\u00bb custom_margin_tablet=\u00a0\u00bb||10px||false|false\u00a0\u00bb custom_margin_phone=\u00a0\u00bb||10px||false|false\u00a0\u00bb custom_margin_last_edited=\u00a0\u00bbon|phone\u00a0\u00bb custom_padding=\u00a0\u00bb||||false|false\u00a0\u00bb text_font_size_tablet=\u00a0\u00bb50px\u00a0\u00bb text_font_size_phone=\u00a0\u00bb50px\u00a0\u00bb text_font_size_last_edited=\u00a0\u00bbon|phone\u00a0\u00bb global_colors_info=\u00a0\u00bb{}\u00a0\u00bb]<\/p>\n<h2>Itin\u00e9raire cyclable: Le long des anciennes routes<\/h2>\n<p>[\/et_pb_text][et_pb_text _builder_version=\u00a0\u00bb4.27.4&Prime; _module_preset=\u00a0\u00bbdefault\u00a0\u00bb text_font=\u00a0\u00bbPoppins||||||||\u00a0\u00bb text_text_color=\u00a0\u00bb#604823&Prime; text_font_size=\u00a0\u00bb18px\u00a0\u00bb text_line_height=\u00a0\u00bb1.8em\u00a0\u00bb hover_enabled=\u00a0\u00bb0&Prime; global_colors_info=\u00a0\u00bb{}\u00a0\u00bb sticky_enabled=\u00a0\u00bb0&Prime;]<\/p>\n<p>Pour les cyclistes, le c\u00e9l\u00e8bre itin\u00e9raire sur les vieilles routes et les villes de p\u00e8lerinage passe pr\u00e8s de V\u00e9zelay. Ce parcours longue distance d\u00e9bute \u00e0 Maastricht et traverse les Ardennes et le centre de la France jusqu&rsquo;\u00e0 Oloron-Sainte-Marie, o\u00f9 il rejoint la piste cyclable de Saint-Jacques-de-Compostelle. Un autre itin\u00e9raire, plus r\u00e9cent, relie Anvers \u00e0 Nevers en passant par Dendermonde et Laon, pr\u00e8s de Ch\u00e2lons et Champangne. Ce dernier est relativement plat, contrairement \u00e0 celui au d\u00e9part de Maastricht.<\/p>\n<p>De nombreux cyclistes visitent V\u00e9zelay ou y passent la nuit, puis continuent leur route le long du Chemin vers Corbigny et plus au sud.<\/p>\n<p>Nous pouvons m\u00eame transporter votre v\u00e9lo jusqu&rsquo;aux Pays-Bas. Ce service est assur\u00e9 trois fois par saison.<\/p>\n<p>[\/et_pb_text][et_pb_text module_class=\u00a0\u00bbhangyaboly\u00a0\u00bb _builder_version=\u00a0\u00bb4.27.4&Prime; _module_preset=\u00a0\u00bbdefault\u00a0\u00bb text_text_color=\u00a0\u00bb#FFFFFF\u00a0\u00bb text_font_size=\u00a0\u00bb65px\u00a0\u00bb header_text_align=\u00a0\u00bbleft\u00a0\u00bb header_text_color=\u00a0\u00bb#d87e32&Prime; header_font_size=\u00a0\u00bb60px\u00a0\u00bb header_2_font=\u00a0\u00bb||||||||\u00a0\u00bb header_2_text_align=\u00a0\u00bbleft\u00a0\u00bb header_2_text_color=\u00a0\u00bb#604823&Prime; header_2_font_size=\u00a0\u00bb45px\u00a0\u00bb text_orientation=\u00a0\u00bbcenter\u00a0\u00bb custom_margin=\u00a0\u00bb||10px||false|false\u00a0\u00bb custom_margin_tablet=\u00a0\u00bb||10px||false|false\u00a0\u00bb custom_margin_phone=\u00a0\u00bb||10px||false|false\u00a0\u00bb custom_margin_last_edited=\u00a0\u00bbon|phone\u00a0\u00bb custom_padding=\u00a0\u00bb||||false|false\u00a0\u00bb text_font_size_tablet=\u00a0\u00bb50px\u00a0\u00bb text_font_size_phone=\u00a0\u00bb50px\u00a0\u00bb text_font_size_last_edited=\u00a0\u00bbon|phone\u00a0\u00bb global_colors_info=\u00a0\u00bb{}\u00a0\u00bb]<\/p>\n<h2>Itin\u00e9raires vers Le Puy, Taiz\u00e9, Cluny et Assise<\/h2>\n<p>[\/et_pb_text][et_pb_text _builder_version=\u00a0\u00bb4.27.4&Prime; _module_preset=\u00a0\u00bbdefault\u00a0\u00bb text_font=\u00a0\u00bbPoppins||||||||\u00a0\u00bb text_text_color=\u00a0\u00bb#604823&Prime; text_font_size=\u00a0\u00bb18px\u00a0\u00bb text_line_height=\u00a0\u00bb1.8em\u00a0\u00bb link_font=\u00a0\u00bb||||on|||#604823|\u00a0\u00bb link_text_color=\u00a0\u00bb#D87E32&Prime; global_colors_info=\u00a0\u00bb{}\u00a0\u00bb]<\/p>\n<p>Les p\u00e8lerins qui marchent via V\u00e9zelay vers Le Puy-en-Velay, Taiz\u00e9, Cluny ou m\u00eame Assise passent \u00e9galement par Le Chemin ou peuvent facilement rejoindre l&rsquo;itin\u00e9raire.<\/p>\n<p>Depuis V\u00e9zelay, suivez le Chemin des P\u00e8lerins jusqu&rsquo;au Chemin.<br \/>Vous pouvez ensuite continuer via Brassy en direction du Lac des Settons pour rejoindre:<\/p>\n<ul>\n<li>le GR 13 \u2192 vers Le Puy-en-Velay<\/li>\n<li>le Chemin d&rsquo;Assise \u2192 vers Taiz\u00e9, Cluny et Assise<\/li>\n<\/ul>\n<p>[\/et_pb_text][et_pb_text module_class=\u00a0\u00bbhangyaboly\u00a0\u00bb _builder_version=\u00a0\u00bb4.27.4&Prime; _module_preset=\u00a0\u00bbdefault\u00a0\u00bb text_text_color=\u00a0\u00bb#FFFFFF\u00a0\u00bb text_font_size=\u00a0\u00bb65px\u00a0\u00bb header_text_align=\u00a0\u00bbleft\u00a0\u00bb header_text_color=\u00a0\u00bb#d87e32&Prime; header_font_size=\u00a0\u00bb60px\u00a0\u00bb header_2_font=\u00a0\u00bb||||||||\u00a0\u00bb header_2_text_align=\u00a0\u00bbleft\u00a0\u00bb header_2_text_color=\u00a0\u00bb#604823&Prime; header_2_font_size=\u00a0\u00bb45px\u00a0\u00bb text_orientation=\u00a0\u00bbcenter\u00a0\u00bb custom_margin=\u00a0\u00bb||10px||false|false\u00a0\u00bb custom_margin_tablet=\u00a0\u00bb||10px||false|false\u00a0\u00bb custom_margin_phone=\u00a0\u00bb||10px||false|false\u00a0\u00bb custom_margin_last_edited=\u00a0\u00bbon|phone\u00a0\u00bb custom_padding=\u00a0\u00bb||||false|false\u00a0\u00bb text_font_size_tablet=\u00a0\u00bb50px\u00a0\u00bb text_font_size_phone=\u00a0\u00bb50px\u00a0\u00bb text_font_size_last_edited=\u00a0\u00bbon|phone\u00a0\u00bb global_colors_info=\u00a0\u00bb{}\u00a0\u00bb]<\/p>\n<h2>Un lieu sous la route \u00e9toil\u00e9e<\/h2>\n<p>[\/et_pb_text][et_pb_text _builder_version=\u00a0\u00bb4.27.4&Prime; _module_preset=\u00a0\u00bbdefault\u00a0\u00bb text_font=\u00a0\u00bbPoppins||||||||\u00a0\u00bb text_text_color=\u00a0\u00bb#604823&Prime; text_font_size=\u00a0\u00bb18px\u00a0\u00bb text_line_height=\u00a0\u00bb1.8em\u00a0\u00bb global_colors_info=\u00a0\u00bb{}\u00a0\u00bb]Le chemin de Saint-Jacques-de-Compostelle est \u00e9galement connu sous le nom de &lsquo;route \u00e9toil\u00e9e&rsquo;. Le cadre paisible du Chemin rend le ciel \u00e9toil\u00e9 exceptionnellement visible la nuit \u2013 un spectacle magique pour de nombreux p\u00e8lerins qui s\u00e9journent chez nous.[\/et_pb_text][\/et_pb_column][\/et_pb_row][\/et_pb_section]<\/p>\n","protected":false},"excerpt":{"rendered":"<p>Chemins p\u00e8lerins autour de V\u00e9zelay et du CheminLe g\u00eete P\u00e8lerin \u2013 Le Chemin b\u00e9n\u00e9ficie d&rsquo;une situation g\u00e9ographique exceptionnelle : plusieurs itin\u00e9raires de p\u00e8lerinage bien connus s&rsquo;y rejoignent ou passent \u00e0 proximit\u00e9. Que vous voyagiez \u00e0 pied ou \u00e0 v\u00e9lo, vous trouverez toujours des liaisons avec les grands axes routiers menant \u00e0 Saint-Jacques-de-Compostelle, ainsi qu&rsquo;avec de [&hellip;]<\/p>\n","protected":false},"author":3,"featured_media":0,"parent":287,"menu_order":0,"comment_status":"closed","ping_status":"closed","template":"","meta":{"_et_pb_use_builder":"on","_et_pb_old_content":"","_et_gb_content_width":"","_monsterinsights_skip_tracking":false,"_monsterinsights_sitenote_active":false,"_monsterinsights_sitenote_note":"","_monsterinsights_sitenote_category":0,"footnotes":""},"class_list":["post-325","page","type-page","status-publish","hentry"],"yoast_head":"<!-- This site is optimized with the Yoast SEO plugin v26.5 - https:\/\/yoast.com\/wordpress\/plugins\/seo\/ -->\n<title>Chemins p\u00e8lerins - G\u00eete Pelerin - Le Chemin<\/title>\n<meta name=\"robots\" content=\"index, follow, max-snippet:-1, max-image-preview:large, max-video-preview:-1\" \/>\n<link rel=\"canonical\" href=\"https:\/\/gitepelerinlechemin.com\/fr\/gite\/chemins-pelerins\/\" \/>\n<meta property=\"og:locale\" content=\"fr_FR\" \/>\n<meta property=\"og:type\" content=\"article\" \/>\n<meta property=\"og:title\" content=\"Chemins p\u00e8lerins - G\u00eete Pelerin - Le Chemin\" \/>\n<meta property=\"og:description\" content=\"Chemins p\u00e8lerins autour de V\u00e9zelay et du CheminLe g\u00eete P\u00e8lerin \u2013 Le Chemin b\u00e9n\u00e9ficie d&#039;une situation g\u00e9ographique exceptionnelle : plusieurs itin\u00e9raires de p\u00e8lerinage bien connus s&#039;y rejoignent ou passent \u00e0 proximit\u00e9. Que vous voyagiez \u00e0 pied ou \u00e0 v\u00e9lo, vous trouverez toujours des liaisons avec les grands axes routiers menant \u00e0 Saint-Jacques-de-Compostelle, ainsi qu&#039;avec de [&hellip;]\" \/>\n<meta property=\"og:url\" content=\"https:\/\/gitepelerinlechemin.com\/fr\/gite\/chemins-pelerins\/\" \/>\n<meta property=\"og:site_name\" content=\"G\u00eete Pelerin - Le Chemin\" \/>\n<meta property=\"article:publisher\" content=\"https:\/\/www.facebook.com\/gitepelerin\" \/>\n<meta property=\"article:modified_time\" content=\"2025-12-04T15:03:34+00:00\" \/>\n<meta name=\"twitter:card\" content=\"summary_large_image\" \/>\n<meta name=\"twitter:label1\" content=\"Dur\u00e9e de lecture estim\u00e9e\" \/>\n\t<meta name=\"twitter:data1\" content=\"8 minutes\" \/>\n<script type=\"application\/ld+json\" class=\"yoast-schema-graph\">{\"@context\":\"https:\/\/schema.org\",\"@graph\":[{\"@type\":\"WebPage\",\"@id\":\"https:\/\/gitepelerinlechemin.com\/fr\/gite\/chemins-pelerins\/\",\"url\":\"https:\/\/gitepelerinlechemin.com\/fr\/gite\/chemins-pelerins\/\",\"name\":\"Chemins p\u00e8lerins - G\u00eete Pelerin - Le Chemin\",\"isPartOf\":{\"@id\":\"https:\/\/gitepelerinlechemin.com\/#website\"},\"datePublished\":\"2025-11-13T16:20:11+00:00\",\"dateModified\":\"2025-12-04T15:03:34+00:00\",\"breadcrumb\":{\"@id\":\"https:\/\/gitepelerinlechemin.com\/fr\/gite\/chemins-pelerins\/#breadcrumb\"},\"inLanguage\":\"fr-FR\",\"potentialAction\":[{\"@type\":\"ReadAction\",\"target\":[\"https:\/\/gitepelerinlechemin.com\/fr\/gite\/chemins-pelerins\/\"]}]},{\"@type\":\"BreadcrumbList\",\"@id\":\"https:\/\/gitepelerinlechemin.com\/fr\/gite\/chemins-pelerins\/#breadcrumb\",\"itemListElement\":[{\"@type\":\"ListItem\",\"position\":1,\"name\":\"Home\",\"item\":\"https:\/\/gitepelerinlechemin.com\/fr\/gite-pelerin-le-chemin\/\"},{\"@type\":\"ListItem\",\"position\":2,\"name\":\"G\u00eete\",\"item\":\"https:\/\/gitepelerinlechemin.com\/fr\/gite\/\"},{\"@type\":\"ListItem\",\"position\":3,\"name\":\"Chemins p\u00e8lerins\"}]},{\"@type\":\"WebSite\",\"@id\":\"https:\/\/gitepelerinlechemin.com\/#website\",\"url\":\"https:\/\/gitepelerinlechemin.com\/\",\"name\":\"G\u00eete Pelerin - Le Chemin\",\"description\":\"Waar je ook vandaan komt, bij ons ben je welkom!\",\"publisher\":{\"@id\":\"https:\/\/gitepelerinlechemin.com\/#organization\"},\"potentialAction\":[{\"@type\":\"SearchAction\",\"target\":{\"@type\":\"EntryPoint\",\"urlTemplate\":\"https:\/\/gitepelerinlechemin.com\/?s={search_term_string}\"},\"query-input\":{\"@type\":\"PropertyValueSpecification\",\"valueRequired\":true,\"valueName\":\"search_term_string\"}}],\"inLanguage\":\"fr-FR\"},{\"@type\":\"Organization\",\"@id\":\"https:\/\/gitepelerinlechemin.com\/#organization\",\"name\":\"G\u00eete Pelerin - Le Chemin\",\"url\":\"https:\/\/gitepelerinlechemin.com\/\",\"logo\":{\"@type\":\"ImageObject\",\"inLanguage\":\"fr-FR\",\"@id\":\"https:\/\/gitepelerinlechemin.com\/#\/schema\/logo\/image\/\",\"url\":\"https:\/\/gitepelerinlechemin.com\/wp-content\/uploads\/gplc-logo.png\",\"contentUrl\":\"https:\/\/gitepelerinlechemin.com\/wp-content\/uploads\/gplc-logo.png\",\"width\":500,\"height\":171,\"caption\":\"G\u00eete Pelerin - Le Chemin\"},\"image\":{\"@id\":\"https:\/\/gitepelerinlechemin.com\/#\/schema\/logo\/image\/\"},\"sameAs\":[\"https:\/\/www.facebook.com\/gitepelerin\",\"https:\/\/www.instagram.com\/gitepelerin\/\"]}]}<\/script>\n<!-- \/ Yoast SEO plugin. -->","yoast_head_json":{"title":"Chemins p\u00e8lerins - G\u00eete Pelerin - Le Chemin","robots":{"index":"index","follow":"follow","max-snippet":"max-snippet:-1","max-image-preview":"max-image-preview:large","max-video-preview":"max-video-preview:-1"},"canonical":"https:\/\/gitepelerinlechemin.com\/fr\/gite\/chemins-pelerins\/","og_locale":"fr_FR","og_type":"article","og_title":"Chemins p\u00e8lerins - G\u00eete Pelerin - Le Chemin","og_description":"Chemins p\u00e8lerins autour de V\u00e9zelay et du CheminLe g\u00eete P\u00e8lerin \u2013 Le Chemin b\u00e9n\u00e9ficie d'une situation g\u00e9ographique exceptionnelle : plusieurs itin\u00e9raires de p\u00e8lerinage bien connus s'y rejoignent ou passent \u00e0 proximit\u00e9. Que vous voyagiez \u00e0 pied ou \u00e0 v\u00e9lo, vous trouverez toujours des liaisons avec les grands axes routiers menant \u00e0 Saint-Jacques-de-Compostelle, ainsi qu'avec de [&hellip;]","og_url":"https:\/\/gitepelerinlechemin.com\/fr\/gite\/chemins-pelerins\/","og_site_name":"G\u00eete Pelerin - Le Chemin","article_publisher":"https:\/\/www.facebook.com\/gitepelerin","article_modified_time":"2025-12-04T15:03:34+00:00","twitter_card":"summary_large_image","twitter_misc":{"Dur\u00e9e de lecture estim\u00e9e":"8 minutes"},"schema":{"@context":"https:\/\/schema.org","@graph":[{"@type":"WebPage","@id":"https:\/\/gitepelerinlechemin.com\/fr\/gite\/chemins-pelerins\/","url":"https:\/\/gitepelerinlechemin.com\/fr\/gite\/chemins-pelerins\/","name":"Chemins p\u00e8lerins - G\u00eete Pelerin - Le Chemin","isPartOf":{"@id":"https:\/\/gitepelerinlechemin.com\/#website"},"datePublished":"2025-11-13T16:20:11+00:00","dateModified":"2025-12-04T15:03:34+00:00","breadcrumb":{"@id":"https:\/\/gitepelerinlechemin.com\/fr\/gite\/chemins-pelerins\/#breadcrumb"},"inLanguage":"fr-FR","potentialAction":[{"@type":"ReadAction","target":["https:\/\/gitepelerinlechemin.com\/fr\/gite\/chemins-pelerins\/"]}]},{"@type":"BreadcrumbList","@id":"https:\/\/gitepelerinlechemin.com\/fr\/gite\/chemins-pelerins\/#breadcrumb","itemListElement":[{"@type":"ListItem","position":1,"name":"Home","item":"https:\/\/gitepelerinlechemin.com\/fr\/gite-pelerin-le-chemin\/"},{"@type":"ListItem","position":2,"name":"G\u00eete","item":"https:\/\/gitepelerinlechemin.com\/fr\/gite\/"},{"@type":"ListItem","position":3,"name":"Chemins p\u00e8lerins"}]},{"@type":"WebSite","@id":"https:\/\/gitepelerinlechemin.com\/#website","url":"https:\/\/gitepelerinlechemin.com\/","name":"G\u00eete Pelerin - Le Chemin","description":"Waar je ook vandaan komt, bij ons ben je welkom!","publisher":{"@id":"https:\/\/gitepelerinlechemin.com\/#organization"},"potentialAction":[{"@type":"SearchAction","target":{"@type":"EntryPoint","urlTemplate":"https:\/\/gitepelerinlechemin.com\/?s={search_term_string}"},"query-input":{"@type":"PropertyValueSpecification","valueRequired":true,"valueName":"search_term_string"}}],"inLanguage":"fr-FR"},{"@type":"Organization","@id":"https:\/\/gitepelerinlechemin.com\/#organization","name":"G\u00eete Pelerin - Le Chemin","url":"https:\/\/gitepelerinlechemin.com\/","logo":{"@type":"ImageObject","inLanguage":"fr-FR","@id":"https:\/\/gitepelerinlechemin.com\/#\/schema\/logo\/image\/","url":"https:\/\/gitepelerinlechemin.com\/wp-content\/uploads\/gplc-logo.png","contentUrl":"https:\/\/gitepelerinlechemin.com\/wp-content\/uploads\/gplc-logo.png","width":500,"height":171,"caption":"G\u00eete Pelerin - Le Chemin"},"image":{"@id":"https:\/\/gitepelerinlechemin.com\/#\/schema\/logo\/image\/"},"sameAs":["https:\/\/www.facebook.com\/gitepelerin","https:\/\/www.instagram.com\/gitepelerin\/"]}]}},"_links":{"self":[{"href":"https:\/\/gitepelerinlechemin.com\/fr\/wp-json\/wp\/v2\/pages\/325","targetHints":{"allow":["GET"]}}],"collection":[{"href":"https:\/\/gitepelerinlechemin.com\/fr\/wp-json\/wp\/v2\/pages"}],"about":[{"href":"https:\/\/gitepelerinlechemin.com\/fr\/wp-json\/wp\/v2\/types\/page"}],"author":[{"embeddable":true,"href":"https:\/\/gitepelerinlechemin.com\/fr\/wp-json\/wp\/v2\/users\/3"}],"replies":[{"embeddable":true,"href":"https:\/\/gitepelerinlechemin.com\/fr\/wp-json\/wp\/v2\/comments?post=325"}],"version-history":[{"count":6,"href":"https:\/\/gitepelerinlechemin.com\/fr\/wp-json\/wp\/v2\/pages\/325\/revisions"}],"predecessor-version":[{"id":413,"href":"https:\/\/gitepelerinlechemin.com\/fr\/wp-json\/wp\/v2\/pages\/325\/revisions\/413"}],"up":[{"embeddable":true,"href":"https:\/\/gitepelerinlechemin.com\/fr\/wp-json\/wp\/v2\/pages\/287"}],"wp:attachment":[{"href":"https:\/\/gitepelerinlechemin.com\/fr\/wp-json\/wp\/v2\/media?parent=325"}],"curies":[{"name":"wp","href":"https:\/\/api.w.org\/{rel}","templated":true}]}}