{"id":263,"date":"2025-11-13T10:40:46","date_gmt":"2025-11-13T10:40:46","guid":{"rendered":"https:\/\/gitepelerinlechemin.com\/qui-sommes-nous\/"},"modified":"2025-11-14T13:09:46","modified_gmt":"2025-11-14T13:09:46","slug":"qui-sommes-nous","status":"publish","type":"page","link":"https:\/\/gitepelerinlechemin.com\/fr\/qui-sommes-nous\/","title":{"rendered":"Qui sommes-nous"},"content":{"rendered":"<p>[et_pb_section fb_built=\u00a0\u00bb1&Prime; next_background_color=\u00a0\u00bb#ffffff\u00a0\u00bb _builder_version=\u00a0\u00bb4.27.4&Prime; _module_preset=\u00a0\u00bbdefault\u00a0\u00bb background_color=\u00a0\u00bb#f8f1e8&Prime; use_background_color_gradient=\u00a0\u00bbon\u00a0\u00bb background_color_gradient_direction=\u00a0\u00bb156deg\u00a0\u00bb background_color_gradient_stops=\u00a0\u00bb#f8f1e8 0%|rgba(131,126,72,0.53) 100%\u00a0\u00bb custom_padding=\u00a0\u00bb||230px|||\u00a0\u00bb bottom_divider_style=\u00a0\u00bbwave2&Prime; bottom_divider_flip=\u00a0\u00bbvertical\u00a0\u00bb hover_enabled=\u00a0\u00bb0&Prime; global_colors_info=\u00a0\u00bb{}\u00a0\u00bb bottom_divider_height_last_edited=\u00a0\u00bbon|phone\u00a0\u00bb bottom_divider_height_tablet=\u00a0\u00bb50px\u00a0\u00bb sticky_enabled=\u00a0\u00bb0&Prime; bottom_divider_height_phone=\u00a0\u00bb25px\u00a0\u00bb][et_pb_row column_structure=\u00a0\u00bb1_2,1_2&Prime; _builder_version=\u00a0\u00bb4.27.4&Prime; _module_preset=\u00a0\u00bbdefault\u00a0\u00bb global_colors_info=\u00a0\u00bb{}\u00a0\u00bb][et_pb_column type=\u00a0\u00bb1_2&Prime; _builder_version=\u00a0\u00bb4.27.4&Prime; _module_preset=\u00a0\u00bbdefault\u00a0\u00bb global_colors_info=\u00a0\u00bb{}\u00a0\u00bb][et_pb_text module_class=\u00a0\u00bbhangyaboly\u00a0\u00bb _builder_version=\u00a0\u00bb4.27.4&Prime; _module_preset=\u00a0\u00bbdefault\u00a0\u00bb text_text_color=\u00a0\u00bb#FFFFFF\u00a0\u00bb text_font_size=\u00a0\u00bb65px\u00a0\u00bb header_text_align=\u00a0\u00bbleft\u00a0\u00bb header_text_color=\u00a0\u00bb#d87e32&Prime; header_font_size=\u00a0\u00bb60px\u00a0\u00bb text_orientation=\u00a0\u00bbcenter\u00a0\u00bb custom_padding=\u00a0\u00bb||||false|false\u00a0\u00bb text_font_size_tablet=\u00a0\u00bb50px\u00a0\u00bb text_font_size_phone=\u00a0\u00bb50px\u00a0\u00bb text_font_size_last_edited=\u00a0\u00bbon|phone\u00a0\u00bb global_colors_info=\u00a0\u00bb{}\u00a0\u00bb]<\/p>\n<h1>Qui sommes-nous<\/h1>\n<p>[\/et_pb_text][et_pb_text _builder_version=\u00a0\u00bb4.27.4&Prime; _module_preset=\u00a0\u00bbdefault\u00a0\u00bb text_font=\u00a0\u00bbPoppins||||||||\u00a0\u00bb text_text_color=\u00a0\u00bb#604823&Prime; text_font_size=\u00a0\u00bb18px\u00a0\u00bb text_line_height=\u00a0\u00bb1.8em\u00a0\u00bb global_colors_info=\u00a0\u00bb{}\u00a0\u00bb]<\/p>\n<p>Avec beaucoup d&rsquo;amour et d&rsquo;attention, nous \u2014 Ren\u00e9 et Yvonne van der Leest \u2014 accueillons les p\u00e8lerins, les randonneurs et les voyageurs au G\u00eete P\u00e8lerin \u2013 Le Chemin.<br \/>Nous sommes les nouveaux gestionnaires de ce lieu exceptionnel et nous sommes heureux de poursuivre la tradition d&rsquo;hospitalit\u00e9 que tant de p\u00e8lerins ont connue ici au fil des ans.<\/p>\n<p>Notre souhait est d&rsquo;offrir un endroit chaleureux, calme et authentique o\u00f9 chacun se sent le bienvenu.<br \/>Un lieu pour se reposer, partager des histoires et retrouver de l&rsquo;\u00e9nergie pour la route qui t&rsquo;attend.<\/p>\n<p>Nous avons h\u00e2te de te rencontrer et de t&rsquo;offrir un agr\u00e9able s\u00e9jour.<\/p>\n<p>[\/et_pb_text][et_pb_button button_url=\u00a0\u00bbhttps:\/\/gitepelerinlechemin.com\/fr\/contact\/\u00a0\u00bb button_text=\u00a0\u00bbR\u00e9server?\u00a0\u00bb module_class=\u00a0\u00bbhangyaboly\u00a0\u00bb _builder_version=\u00a0\u00bb4.27.4&Prime; _module_preset=\u00a0\u00bbdefault\u00a0\u00bb custom_button=\u00a0\u00bbon\u00a0\u00bb button_text_size=\u00a0\u00bb25px\u00a0\u00bb button_text_color=\u00a0\u00bb#FFFFFF\u00a0\u00bb button_bg_color=\u00a0\u00bb#604823&Prime; button_border_width=\u00a0\u00bb4px\u00a0\u00bb button_border_color=\u00a0\u00bb#604823&Prime; button_icon=\u00a0\u00bb&#x24;||divi||400&Prime; global_colors_info=\u00a0\u00bb{}\u00a0\u00bb button_border_radius__hover_enabled=\u00a0\u00bbon|hover\u00a0\u00bb button_border_radius__hover=\u00a0\u00bb3px\u00a0\u00bb][\/et_pb_button][\/et_pb_column][et_pb_column type=\u00a0\u00bb1_2&Prime; _builder_version=\u00a0\u00bb4.27.4&Prime; _module_preset=\u00a0\u00bbdefault\u00a0\u00bb global_colors_info=\u00a0\u00bb{}\u00a0\u00bb][et_pb_image src=\u00a0\u00bbhttps:\/\/gitepelerinlechemin.com\/wp-content\/uploads\/gitepelerin-4.jpg\u00a0\u00bb title_text=\u00a0\u00bbgitepelerin-4&Prime; _builder_version=\u00a0\u00bb4.27.4&Prime; _module_preset=\u00a0\u00bbdefault\u00a0\u00bb custom_margin=\u00a0\u00bb100px||||false|false\u00a0\u00bb custom_margin_tablet=\u00a0\u00bb20px||||false|false\u00a0\u00bb custom_margin_phone=\u00a0\u00bb20px||||false|false\u00a0\u00bb custom_margin_last_edited=\u00a0\u00bbon|phone\u00a0\u00bb box_shadow_style=\u00a0\u00bbpreset1&Prime; global_colors_info=\u00a0\u00bb{}\u00a0\u00bb][\/et_pb_image][\/et_pb_column][\/et_pb_row][\/et_pb_section][et_pb_section fb_built=\u00a0\u00bb1&Prime; admin_label=\u00a0\u00bbCTA\u00a0\u00bb _builder_version=\u00a0\u00bb4.27.4&Prime; background_image=\u00a0\u00bbhttps:\/\/gitepelerinlechemin.com\/wp-content\/uploads\/bg2.jpg\u00a0\u00bb parallax=\u00a0\u00bbon\u00a0\u00bb custom_margin=\u00a0\u00bb|||\u00a0\u00bb custom_padding=\u00a0\u00bb0px|||\u00a0\u00bb global_colors_info=\u00a0\u00bb{}\u00a0\u00bb][et_pb_row use_custom_gutter=\u00a0\u00bbon\u00a0\u00bb gutter_width=\u00a0\u00bb1&Prime; custom_padding_last_edited=\u00a0\u00bbon|phone\u00a0\u00bb module_id=\u00a0\u00bbcontact\u00a0\u00bb module_class=\u00a0\u00bb et_pb_row_fullwidth\u00a0\u00bb _builder_version=\u00a0\u00bb4.27.4&Prime; use_background_color_gradient=\u00a0\u00bbon\u00a0\u00bb background_color_gradient_stops=\u00a0\u00bb#ffffff 0%|rgba(255,255,255,0) 22%\u00a0\u00bb background_color_gradient_start=\u00a0\u00bb#ffffff\u00a0\u00bb background_color_gradient_end=\u00a0\u00bbrgba(255,255,255,0)\u00a0\u00bb background_color_gradient_end_position=\u00a0\u00bb22%\u00a0\u00bb background_size=\u00a0\u00bbinitial\u00a0\u00bb background_position=\u00a0\u00bbtop_left\u00a0\u00bb background_repeat=\u00a0\u00bbrepeat\u00a0\u00bb width=\u00a0\u00bb100%\u00a0\u00bb width_tablet=\u00a0\u00bb100%\u00a0\u00bb width_phone=\u00a0\u00bb100%\u00a0\u00bb width_last_edited=\u00a0\u00bbon|desktop\u00a0\u00bb max_width=\u00a0\u00bb100%\u00a0\u00bb max_width_tablet=\u00a0\u00bb100%\u00a0\u00bb max_width_phone=\u00a0\u00bb100%\u00a0\u00bb max_width_last_edited=\u00a0\u00bbon|desktop\u00a0\u00bb custom_padding=\u00a0\u00bb15vw||15vw||false|false\u00a0\u00bb custom_padding_tablet=\u00a0\u00bb10vw||5vw||false|false\u00a0\u00bb custom_padding_phone=\u00a0\u00bb\u00a0\u00bb make_fullwidth=\u00a0\u00bbon\u00a0\u00bb global_colors_info=\u00a0\u00bb{}\u00a0\u00bb][et_pb_column type=\u00a0\u00bb4_4&Prime; _builder_version=\u00a0\u00bb4.16&Prime; custom_padding=\u00a0\u00bb|||\u00a0\u00bb global_colors_info=\u00a0\u00bb{}\u00a0\u00bb custom_padding__hover=\u00a0\u00bb|||\u00a0\u00bb][\/et_pb_column][\/et_pb_row][\/et_pb_section]<\/p>\n","protected":false},"excerpt":{"rendered":"<p>Qui sommes-nousAvec beaucoup d&rsquo;amour et d&rsquo;attention, nous \u2014 Ren\u00e9 et Yvonne van der Leest \u2014 accueillons les p\u00e8lerins, les randonneurs et les voyageurs au G\u00eete P\u00e8lerin \u2013 Le Chemin.Nous sommes les nouveaux gestionnaires de ce lieu exceptionnel et nous sommes heureux de poursuivre la tradition d&rsquo;hospitalit\u00e9 que tant de p\u00e8lerins ont connue ici au fil [&hellip;]<\/p>\n","protected":false},"author":3,"featured_media":0,"parent":0,"menu_order":0,"comment_status":"closed","ping_status":"closed","template":"","meta":{"_et_pb_use_builder":"on","_et_pb_old_content":"","_et_gb_content_width":"","_monsterinsights_skip_tracking":false,"_monsterinsights_sitenote_active":false,"_monsterinsights_sitenote_note":"","_monsterinsights_sitenote_category":0,"footnotes":""},"class_list":["post-263","page","type-page","status-publish","hentry"],"yoast_head":"<!-- This site is optimized with the Yoast SEO plugin v26.5 - https:\/\/yoast.com\/wordpress\/plugins\/seo\/ -->\n<title>Qui sommes-nous - G\u00eete Pelerin - Le Chemin<\/title>\n<meta name=\"robots\" content=\"index, follow, max-snippet:-1, max-image-preview:large, max-video-preview:-1\" \/>\n<link rel=\"canonical\" href=\"https:\/\/gitepelerinlechemin.com\/fr\/qui-sommes-nous\/\" \/>\n<meta property=\"og:locale\" content=\"fr_FR\" \/>\n<meta property=\"og:type\" content=\"article\" \/>\n<meta property=\"og:title\" content=\"Qui sommes-nous - G\u00eete Pelerin - Le Chemin\" \/>\n<meta property=\"og:description\" content=\"Qui sommes-nousAvec beaucoup d&#039;amour et d&#039;attention, nous \u2014 Ren\u00e9 et Yvonne van der Leest \u2014 accueillons les p\u00e8lerins, les randonneurs et les voyageurs au G\u00eete P\u00e8lerin \u2013 Le Chemin.Nous sommes les nouveaux gestionnaires de ce lieu exceptionnel et nous sommes heureux de poursuivre la tradition d&#039;hospitalit\u00e9 que tant de p\u00e8lerins ont connue ici au fil [&hellip;]\" \/>\n<meta property=\"og:url\" content=\"https:\/\/gitepelerinlechemin.com\/fr\/qui-sommes-nous\/\" \/>\n<meta property=\"og:site_name\" content=\"G\u00eete Pelerin - Le Chemin\" \/>\n<meta property=\"article:publisher\" content=\"https:\/\/www.facebook.com\/gitepelerin\" \/>\n<meta property=\"article:modified_time\" content=\"2025-11-14T13:09:46+00:00\" \/>\n<meta name=\"twitter:card\" content=\"summary_large_image\" \/>\n<meta name=\"twitter:label1\" content=\"Dur\u00e9e de lecture estim\u00e9e\" \/>\n\t<meta name=\"twitter:data1\" content=\"3 minutes\" \/>\n<script type=\"application\/ld+json\" class=\"yoast-schema-graph\">{\"@context\":\"https:\/\/schema.org\",\"@graph\":[{\"@type\":\"WebPage\",\"@id\":\"https:\/\/gitepelerinlechemin.com\/fr\/qui-sommes-nous\/\",\"url\":\"https:\/\/gitepelerinlechemin.com\/fr\/qui-sommes-nous\/\",\"name\":\"Qui sommes-nous - G\u00eete Pelerin - Le Chemin\",\"isPartOf\":{\"@id\":\"https:\/\/gitepelerinlechemin.com\/#website\"},\"datePublished\":\"2025-11-13T10:40:46+00:00\",\"dateModified\":\"2025-11-14T13:09:46+00:00\",\"breadcrumb\":{\"@id\":\"https:\/\/gitepelerinlechemin.com\/fr\/qui-sommes-nous\/#breadcrumb\"},\"inLanguage\":\"fr-FR\",\"potentialAction\":[{\"@type\":\"ReadAction\",\"target\":[\"https:\/\/gitepelerinlechemin.com\/fr\/qui-sommes-nous\/\"]}]},{\"@type\":\"BreadcrumbList\",\"@id\":\"https:\/\/gitepelerinlechemin.com\/fr\/qui-sommes-nous\/#breadcrumb\",\"itemListElement\":[{\"@type\":\"ListItem\",\"position\":1,\"name\":\"Home\",\"item\":\"https:\/\/gitepelerinlechemin.com\/fr\/gite-pelerin-le-chemin\/\"},{\"@type\":\"ListItem\",\"position\":2,\"name\":\"Qui sommes-nous\"}]},{\"@type\":\"WebSite\",\"@id\":\"https:\/\/gitepelerinlechemin.com\/#website\",\"url\":\"https:\/\/gitepelerinlechemin.com\/\",\"name\":\"G\u00eete Pelerin - Le Chemin\",\"description\":\"Waar je ook vandaan komt, bij ons ben je welkom!\",\"publisher\":{\"@id\":\"https:\/\/gitepelerinlechemin.com\/#organization\"},\"potentialAction\":[{\"@type\":\"SearchAction\",\"target\":{\"@type\":\"EntryPoint\",\"urlTemplate\":\"https:\/\/gitepelerinlechemin.com\/?s={search_term_string}\"},\"query-input\":{\"@type\":\"PropertyValueSpecification\",\"valueRequired\":true,\"valueName\":\"search_term_string\"}}],\"inLanguage\":\"fr-FR\"},{\"@type\":\"Organization\",\"@id\":\"https:\/\/gitepelerinlechemin.com\/#organization\",\"name\":\"G\u00eete Pelerin - Le Chemin\",\"url\":\"https:\/\/gitepelerinlechemin.com\/\",\"logo\":{\"@type\":\"ImageObject\",\"inLanguage\":\"fr-FR\",\"@id\":\"https:\/\/gitepelerinlechemin.com\/#\/schema\/logo\/image\/\",\"url\":\"https:\/\/gitepelerinlechemin.com\/wp-content\/uploads\/gplc-logo.png\",\"contentUrl\":\"https:\/\/gitepelerinlechemin.com\/wp-content\/uploads\/gplc-logo.png\",\"width\":500,\"height\":171,\"caption\":\"G\u00eete Pelerin - Le Chemin\"},\"image\":{\"@id\":\"https:\/\/gitepelerinlechemin.com\/#\/schema\/logo\/image\/\"},\"sameAs\":[\"https:\/\/www.facebook.com\/gitepelerin\",\"https:\/\/www.instagram.com\/gitepelerin\/\"]}]}<\/script>\n<!-- \/ Yoast SEO plugin. -->","yoast_head_json":{"title":"Qui sommes-nous - G\u00eete Pelerin - Le Chemin","robots":{"index":"index","follow":"follow","max-snippet":"max-snippet:-1","max-image-preview":"max-image-preview:large","max-video-preview":"max-video-preview:-1"},"canonical":"https:\/\/gitepelerinlechemin.com\/fr\/qui-sommes-nous\/","og_locale":"fr_FR","og_type":"article","og_title":"Qui sommes-nous - G\u00eete Pelerin - Le Chemin","og_description":"Qui sommes-nousAvec beaucoup d'amour et d'attention, nous \u2014 Ren\u00e9 et Yvonne van der Leest \u2014 accueillons les p\u00e8lerins, les randonneurs et les voyageurs au G\u00eete P\u00e8lerin \u2013 Le Chemin.Nous sommes les nouveaux gestionnaires de ce lieu exceptionnel et nous sommes heureux de poursuivre la tradition d'hospitalit\u00e9 que tant de p\u00e8lerins ont connue ici au fil [&hellip;]","og_url":"https:\/\/gitepelerinlechemin.com\/fr\/qui-sommes-nous\/","og_site_name":"G\u00eete Pelerin - Le Chemin","article_publisher":"https:\/\/www.facebook.com\/gitepelerin","article_modified_time":"2025-11-14T13:09:46+00:00","twitter_card":"summary_large_image","twitter_misc":{"Dur\u00e9e de lecture estim\u00e9e":"3 minutes"},"schema":{"@context":"https:\/\/schema.org","@graph":[{"@type":"WebPage","@id":"https:\/\/gitepelerinlechemin.com\/fr\/qui-sommes-nous\/","url":"https:\/\/gitepelerinlechemin.com\/fr\/qui-sommes-nous\/","name":"Qui sommes-nous - G\u00eete Pelerin - Le Chemin","isPartOf":{"@id":"https:\/\/gitepelerinlechemin.com\/#website"},"datePublished":"2025-11-13T10:40:46+00:00","dateModified":"2025-11-14T13:09:46+00:00","breadcrumb":{"@id":"https:\/\/gitepelerinlechemin.com\/fr\/qui-sommes-nous\/#breadcrumb"},"inLanguage":"fr-FR","potentialAction":[{"@type":"ReadAction","target":["https:\/\/gitepelerinlechemin.com\/fr\/qui-sommes-nous\/"]}]},{"@type":"BreadcrumbList","@id":"https:\/\/gitepelerinlechemin.com\/fr\/qui-sommes-nous\/#breadcrumb","itemListElement":[{"@type":"ListItem","position":1,"name":"Home","item":"https:\/\/gitepelerinlechemin.com\/fr\/gite-pelerin-le-chemin\/"},{"@type":"ListItem","position":2,"name":"Qui sommes-nous"}]},{"@type":"WebSite","@id":"https:\/\/gitepelerinlechemin.com\/#website","url":"https:\/\/gitepelerinlechemin.com\/","name":"G\u00eete Pelerin - Le Chemin","description":"Waar je ook vandaan komt, bij ons ben je welkom!","publisher":{"@id":"https:\/\/gitepelerinlechemin.com\/#organization"},"potentialAction":[{"@type":"SearchAction","target":{"@type":"EntryPoint","urlTemplate":"https:\/\/gitepelerinlechemin.com\/?s={search_term_string}"},"query-input":{"@type":"PropertyValueSpecification","valueRequired":true,"valueName":"search_term_string"}}],"inLanguage":"fr-FR"},{"@type":"Organization","@id":"https:\/\/gitepelerinlechemin.com\/#organization","name":"G\u00eete Pelerin - Le Chemin","url":"https:\/\/gitepelerinlechemin.com\/","logo":{"@type":"ImageObject","inLanguage":"fr-FR","@id":"https:\/\/gitepelerinlechemin.com\/#\/schema\/logo\/image\/","url":"https:\/\/gitepelerinlechemin.com\/wp-content\/uploads\/gplc-logo.png","contentUrl":"https:\/\/gitepelerinlechemin.com\/wp-content\/uploads\/gplc-logo.png","width":500,"height":171,"caption":"G\u00eete Pelerin - Le Chemin"},"image":{"@id":"https:\/\/gitepelerinlechemin.com\/#\/schema\/logo\/image\/"},"sameAs":["https:\/\/www.facebook.com\/gitepelerin","https:\/\/www.instagram.com\/gitepelerin\/"]}]}},"_links":{"self":[{"href":"https:\/\/gitepelerinlechemin.com\/fr\/wp-json\/wp\/v2\/pages\/263","targetHints":{"allow":["GET"]}}],"collection":[{"href":"https:\/\/gitepelerinlechemin.com\/fr\/wp-json\/wp\/v2\/pages"}],"about":[{"href":"https:\/\/gitepelerinlechemin.com\/fr\/wp-json\/wp\/v2\/types\/page"}],"author":[{"embeddable":true,"href":"https:\/\/gitepelerinlechemin.com\/fr\/wp-json\/wp\/v2\/users\/3"}],"replies":[{"embeddable":true,"href":"https:\/\/gitepelerinlechemin.com\/fr\/wp-json\/wp\/v2\/comments?post=263"}],"version-history":[{"count":5,"href":"https:\/\/gitepelerinlechemin.com\/fr\/wp-json\/wp\/v2\/pages\/263\/revisions"}],"predecessor-version":[{"id":359,"href":"https:\/\/gitepelerinlechemin.com\/fr\/wp-json\/wp\/v2\/pages\/263\/revisions\/359"}],"wp:attachment":[{"href":"https:\/\/gitepelerinlechemin.com\/fr\/wp-json\/wp\/v2\/media?parent=263"}],"curies":[{"name":"wp","href":"https:\/\/api.w.org\/{rel}","templated":true}]}}