{"id":319,"date":"2025-11-13T16:20:11","date_gmt":"2025-11-13T16:20:11","guid":{"rendered":"https:\/\/gitepelerinlechemin.com\/hostel\/pilgrim-routes\/"},"modified":"2025-12-04T15:05:22","modified_gmt":"2025-12-04T15:05:22","slug":"pilgrim-routes","status":"publish","type":"page","link":"https:\/\/gitepelerinlechemin.com\/en\/hostel\/pilgrim-routes\/","title":{"rendered":"Pilgrim routes"},"content":{"rendered":"<p>[et_pb_section fb_built=&#8221;1&#8243; custom_padding_last_edited=&#8221;on|tablet&#8221; next_background_color=&#8221;#b9983f&#8221; _builder_version=&#8221;4.27.4&#8243; _module_preset=&#8221;default&#8221; background_color=&#8221;#f8f1e8&#8243; use_background_color_gradient=&#8221;on&#8221; background_color_gradient_direction=&#8221;156deg&#8221; background_color_gradient_stops=&#8221;#f8f1e8 0%|rgba(131,126,72,0.53) 100%&#8221; custom_padding=&#8221;||230px|||&#8221; custom_padding_tablet=&#8221;||100px||false|false&#8221; custom_padding_phone=&#8221;||100px||false|false&#8221; bottom_divider_style=&#8221;wave2&#8243; bottom_divider_flip=&#8221;vertical&#8221; bottom_divider_height_tablet=&#8221;50px&#8221; bottom_divider_height_phone=&#8221;25px&#8221; bottom_divider_height_last_edited=&#8221;on|phone&#8221; global_colors_info=&#8221;{}&#8221;][et_pb_row _builder_version=&#8221;4.27.4&#8243; _module_preset=&#8221;default&#8221; custom_margin=&#8221;||0px||false|false&#8221; custom_padding=&#8221;||0px||false|false&#8221; global_colors_info=&#8221;{}&#8221;][et_pb_column type=&#8221;4_4&#8243; _builder_version=&#8221;4.27.4&#8243; _module_preset=&#8221;default&#8221; global_colors_info=&#8221;{}&#8221;][et_pb_text module_class=&#8221;hangyaboly&#8221; _builder_version=&#8221;4.27.4&#8243; _module_preset=&#8221;default&#8221; text_text_color=&#8221;#FFFFFF&#8221; text_font_size=&#8221;65px&#8221; header_text_align=&#8221;left&#8221; header_text_color=&#8221;#d87e32&#8243; header_font_size=&#8221;60px&#8221; text_orientation=&#8221;center&#8221; custom_margin=&#8221;||0px||false|false&#8221; custom_padding=&#8221;||||false|false&#8221; text_font_size_tablet=&#8221;50px&#8221; text_font_size_phone=&#8221;50px&#8221; text_font_size_last_edited=&#8221;on|phone&#8221; global_colors_info=&#8221;{}&#8221;]<\/p>\n<h1>Pilgrim routes around V\u00e9zelay and Le Chemin<\/h1>\n<p>[\/et_pb_text][\/et_pb_column][\/et_pb_row][et_pb_row column_structure=&#8221;3_5,2_5&#8243; _builder_version=&#8221;4.27.4&#8243; _module_preset=&#8221;default&#8221; global_colors_info=&#8221;{}&#8221;][et_pb_column type=&#8221;3_5&#8243; _builder_version=&#8221;4.27.4&#8243; _module_preset=&#8221;default&#8221; global_colors_info=&#8221;{}&#8221;][et_pb_text _builder_version=&#8221;4.27.4&#8243; _module_preset=&#8221;default&#8221; text_font=&#8221;Poppins||||||||&#8221; text_text_color=&#8221;#604823&#8243; text_font_size=&#8221;18px&#8221; text_line_height=&#8221;1.8em&#8221; global_colors_info=&#8221;{}&#8221;]<\/p>\n<p data-start=\"401\" data-end=\"556\">G\u00eete P\u00e8lerin \u2013 Le Chemin is situated in a unique location: several well-known pilgrimage routes converge here or pass close by. Whether you&#8217;re traveling on foot or by bike, you&#8217;ll always find connections to the main routes to Santiago\u2014and to beautiful circular walks in the region. <\/p>\n<p>[\/et_pb_text][et_pb_text module_class=&#8221;hangyaboly&#8221; _builder_version=&#8221;4.27.4&#8243; _module_preset=&#8221;default&#8221; text_text_color=&#8221;#FFFFFF&#8221; text_font_size=&#8221;65px&#8221; header_text_align=&#8221;left&#8221; header_text_color=&#8221;#d87e32&#8243; header_font_size=&#8221;60px&#8221; header_2_font=&#8221;||||||||&#8221; header_2_text_align=&#8221;left&#8221; header_2_text_color=&#8221;#604823&#8243; header_2_font_size=&#8221;45px&#8221; text_orientation=&#8221;center&#8221; custom_margin=&#8221;||10px||false|false&#8221; custom_margin_tablet=&#8221;||10px||false|false&#8221; custom_margin_phone=&#8221;||10px||false|false&#8221; custom_margin_last_edited=&#8221;on|phone&#8221; custom_padding=&#8221;||||false|false&#8221; text_font_size_tablet=&#8221;50px&#8221; text_font_size_phone=&#8221;50px&#8221; text_font_size_last_edited=&#8221;on|phone&#8221; global_colors_info=&#8221;{}&#8221;]<\/p>\n<h2>Pilgrimage route from V\u00e9zelay to Saint-Jean-Pied-de-Port<\/h2>\n<p>[\/et_pb_text][et_pb_text _builder_version=&#8221;4.27.4&#8243; _module_preset=&#8221;default&#8221; text_font=&#8221;Poppins||||||||&#8221; text_text_color=&#8221;#604823&#8243; text_font_size=&#8221;18px&#8221; text_line_height=&#8221;1.8em&#8221; global_colors_info=&#8221;{}&#8221;]<\/p>\n<p>The route via V\u00e9zelay is one of the classic French pilgrimage routes towards Saint-Jean-Pied-de-Port and further to Santiago de Compostela.<br \/>This road is known as the Voie de V\u00e9zelay or Via Lemovicensis.<\/p>\n<p>From V\u00e9zelay the route immediately splits into two variants:<\/p>\n<ul>\n<li>a northern route via Bourges<\/li>\n<li>a southern route via Nevers (the route that passes Le Chemin)<\/li>\n<\/ul>\n<p>It&#8217;s a peaceful and authentic pilgrimage route through the heart of rural France. Many pilgrims appreciate the tranquility and the spontaneous hospitality along the way. <\/p>\n<p>[\/et_pb_text][\/et_pb_column][et_pb_column type=&#8221;2_5&#8243; _builder_version=&#8221;4.27.4&#8243; _module_preset=&#8221;default&#8221; global_colors_info=&#8221;{}&#8221;][et_pb_image src=&#8221;https:\/\/gitepelerinlechemin.com\/wp-content\/uploads\/gitepelerin-pelgrimswegen3.jpg&#8221; title_text=&#8221;gitepelerin-pelgrimswegen3&#8243; _builder_version=&#8221;4.27.4&#8243; _module_preset=&#8221;default&#8221; custom_margin=&#8221;||||false|false&#8221; custom_margin_tablet=&#8221;20px||||false|false&#8221; custom_margin_phone=&#8221;20px||||false|false&#8221; custom_margin_last_edited=&#8221;on|phone&#8221; box_shadow_style=&#8221;preset1&#8243; global_colors_info=&#8221;{}&#8221;][\/et_pb_image][\/et_pb_column][\/et_pb_row][et_pb_row column_structure=&#8221;1_4,3_4&#8243; _builder_version=&#8221;4.27.4&#8243; _module_preset=&#8221;default&#8221; global_colors_info=&#8221;{}&#8221;][et_pb_column type=&#8221;1_4&#8243; _builder_version=&#8221;4.27.4&#8243; _module_preset=&#8221;default&#8221; global_colors_info=&#8221;{}&#8221;][et_pb_image src=&#8221;https:\/\/gitepelerinlechemin.com\/wp-content\/uploads\/route-engels.png&#8221; title_text=&#8221;route-engels&#8221; _builder_version=&#8221;4.27.4&#8243; _module_preset=&#8221;default&#8221; global_colors_info=&#8221;{}&#8221;][\/et_pb_image][\/et_pb_column][et_pb_column type=&#8221;3_4&#8243; _builder_version=&#8221;4.27.4&#8243; _module_preset=&#8221;default&#8221; global_colors_info=&#8221;{}&#8221;][et_pb_text module_class=&#8221;hangyaboly&#8221; _builder_version=&#8221;4.27.4&#8243; _module_preset=&#8221;default&#8221; text_text_color=&#8221;#FFFFFF&#8221; text_font_size=&#8221;65px&#8221; header_text_align=&#8221;left&#8221; header_text_color=&#8221;#d87e32&#8243; header_font_size=&#8221;60px&#8221; header_2_font=&#8221;||||||||&#8221; header_2_text_align=&#8221;left&#8221; header_2_text_color=&#8221;#604823&#8243; header_2_font_size=&#8221;45px&#8221; text_orientation=&#8221;center&#8221; custom_margin=&#8221;||10px||false|false&#8221; custom_margin_tablet=&#8221;||10px||false|false&#8221; custom_margin_phone=&#8221;||10px||false|false&#8221; custom_margin_last_edited=&#8221;on|phone&#8221; custom_padding=&#8221;||||false|false&#8221; text_font_size_tablet=&#8221;50px&#8221; text_font_size_phone=&#8221;50px&#8221; text_font_size_last_edited=&#8221;on|phone&#8221; global_colors_info=&#8221;{}&#8221;]<\/p>\n<h2>Tour de V\u00e9zelay<\/h2>\n<p>[\/et_pb_text][et_pb_text _builder_version=&#8221;4.27.4&#8243; _module_preset=&#8221;default&#8221; text_font=&#8221;Poppins||||||||&#8221; text_text_color=&#8221;#604823&#8243; text_font_size=&#8221;18px&#8221; text_line_height=&#8221;1.8em&#8221; global_colors_info=&#8221;{}&#8221;]<\/p>\n<p>The Tour de V\u00e9zelay is a beautiful circular walk of approximately 135 kilometers, returning to V\u00e9zelay. Our g\u00eete is located directly on this route, as are several shorter alternatives. <\/p>\n<p>It is an ideal walk for pilgrims who do not wish to make a long journey to Santiago, but who still want to experience the atmosphere of pilgrimage.<\/p>\n<p>[\/et_pb_text][et_pb_text module_class=&#8221;hangyaboly&#8221; _builder_version=&#8221;4.27.4&#8243; _module_preset=&#8221;default&#8221; text_text_color=&#8221;#FFFFFF&#8221; text_font_size=&#8221;65px&#8221; header_text_align=&#8221;left&#8221; header_text_color=&#8221;#d87e32&#8243; header_font_size=&#8221;60px&#8221; header_2_font=&#8221;||||||||&#8221; header_2_text_align=&#8221;left&#8221; header_2_text_color=&#8221;#604823&#8243; header_2_font_size=&#8221;45px&#8221; text_orientation=&#8221;center&#8221; custom_margin=&#8221;||10px||false|false&#8221; custom_margin_tablet=&#8221;||10px||false|false&#8221; custom_margin_phone=&#8221;||10px||false|false&#8221; custom_margin_last_edited=&#8221;on|phone&#8221; custom_padding=&#8221;||||false|false&#8221; text_font_size_tablet=&#8221;50px&#8221; text_font_size_phone=&#8221;50px&#8221; text_font_size_last_edited=&#8221;on|phone&#8221; global_colors_info=&#8221;{}&#8221;]<\/p>\n<h2>Cycling route: Along Old Roads<\/h2>\n<p>[\/et_pb_text][et_pb_text _builder_version=&#8221;4.27.4&#8243; _module_preset=&#8221;default&#8221; text_font=&#8221;Poppins||||||||&#8221; text_text_color=&#8221;#604823&#8243; text_font_size=&#8221;18px&#8221; text_line_height=&#8221;1.8em&#8221; hover_enabled=&#8221;0&#8243; global_colors_info=&#8221;{}&#8221; sticky_enabled=&#8221;0&#8243;]<\/p>\n<p>For cyclists, the well-known Along Old Roads and Pilgrimage Towns route runs near V\u00e9zelay. This long-distance cycle route begins in Maastricht and travels through the Ardennes and Central France to Oloron-Sainte-Marie, where it connects with the St. James Cycle Route to Santiago. A route has recently become available that connects from Antwerp via Dendermonde and Laon, near Ch\u00e2lons-en-Champagne, to the route to Nevers. This is a relatively flat route, unlike the route from Maastricht.<\/p>\n<p>Many cyclists visit V\u00e9zelay or stay overnight there, then continue along Le Chemin towards Corbigny and further south.<\/p>\n<p>We can transport your bike back to the Netherlands. Transport is available three times a season.<\/p>\n<p>[\/et_pb_text][et_pb_text module_class=&#8221;hangyaboly&#8221; _builder_version=&#8221;4.27.4&#8243; _module_preset=&#8221;default&#8221; text_text_color=&#8221;#FFFFFF&#8221; text_font_size=&#8221;65px&#8221; header_text_align=&#8221;left&#8221; header_text_color=&#8221;#d87e32&#8243; header_font_size=&#8221;60px&#8221; header_2_font=&#8221;||||||||&#8221; header_2_text_align=&#8221;left&#8221; header_2_text_color=&#8221;#604823&#8243; header_2_font_size=&#8221;45px&#8221; text_orientation=&#8221;center&#8221; custom_margin=&#8221;||10px||false|false&#8221; custom_margin_tablet=&#8221;||10px||false|false&#8221; custom_margin_phone=&#8221;||10px||false|false&#8221; custom_margin_last_edited=&#8221;on|phone&#8221; custom_padding=&#8221;||||false|false&#8221; text_font_size_tablet=&#8221;50px&#8221; text_font_size_phone=&#8221;50px&#8221; text_font_size_last_edited=&#8221;on|phone&#8221; global_colors_info=&#8221;{}&#8221;]<\/p>\n<h2>Routes to Le Puy, Taiz\u00e9, Cluny and Assisi<\/h2>\n<p>[\/et_pb_text][et_pb_text _builder_version=&#8221;4.27.4&#8243; _module_preset=&#8221;default&#8221; text_font=&#8221;Poppins||||||||&#8221; text_text_color=&#8221;#604823&#8243; text_font_size=&#8221;18px&#8221; text_line_height=&#8221;1.8em&#8221; link_font=&#8221;||||on|||#604823|&#8221; link_text_color=&#8221;#D87E32&#8243; global_colors_info=&#8221;{}&#8221;]<\/p>\n<p>Pilgrims who walk via V\u00e9zelay to Le Puy-en-Velay, Taiz\u00e9, Cluny or even Assisi also pass along Le Chemin or can easily connect to the route.<\/p>\n<p>From V\u00e9zelay, follow the Pilgrim&#8217;s Way to Le Chemin.<br \/>You can then continue via Brassy towards Lac des Settons to connect to:<\/p>\n<ul>\n<li>the GR 13 \u2192 towards Le Puy-en-Velay<\/li>\n<li>the Chemin d&#8217;Assise \u2192 towards Taiz\u00e9, Cluny and Assisi<\/li>\n<\/ul>\n<p>[\/et_pb_text][et_pb_text module_class=&#8221;hangyaboly&#8221; _builder_version=&#8221;4.27.4&#8243; _module_preset=&#8221;default&#8221; text_text_color=&#8221;#FFFFFF&#8221; text_font_size=&#8221;65px&#8221; header_text_align=&#8221;left&#8221; header_text_color=&#8221;#d87e32&#8243; header_font_size=&#8221;60px&#8221; header_2_font=&#8221;||||||||&#8221; header_2_text_align=&#8221;left&#8221; header_2_text_color=&#8221;#604823&#8243; header_2_font_size=&#8221;45px&#8221; text_orientation=&#8221;center&#8221; custom_margin=&#8221;||10px||false|false&#8221; custom_margin_tablet=&#8221;||10px||false|false&#8221; custom_margin_phone=&#8221;||10px||false|false&#8221; custom_margin_last_edited=&#8221;on|phone&#8221; custom_padding=&#8221;||||false|false&#8221; text_font_size_tablet=&#8221;50px&#8221; text_font_size_phone=&#8221;50px&#8221; text_font_size_last_edited=&#8221;on|phone&#8221; global_colors_info=&#8221;{}&#8221;]<\/p>\n<h2>A place under the starry road<\/h2>\n<p>[\/et_pb_text][et_pb_text _builder_version=&#8221;4.27.4&#8243; _module_preset=&#8221;default&#8221; text_font=&#8221;Poppins||||||||&#8221; text_text_color=&#8221;#604823&#8243; text_font_size=&#8221;18px&#8221; text_line_height=&#8221;1.8em&#8221; global_colors_info=&#8221;{}&#8221;]The route to Santiago is also known as &#8216;the starry road&#8217;. The tranquil location of Le Chemin makes the starry sky exceptionally visible at night\u2014a special sight for many pilgrims who stay with us.[\/et_pb_text][\/et_pb_column][\/et_pb_row][\/et_pb_section]<\/p>\n","protected":false},"excerpt":{"rendered":"<p>Pilgrim routes around V\u00e9zelay and Le CheminG\u00eete P\u00e8lerin \u2013 Le Chemin is situated in a unique location: several well-known pilgrimage routes converge here or pass close by. Whether you&#8217;re traveling on foot or by bike, you&#8217;ll always find connections to the main routes to Santiago\u2014and to beautiful circular walks in the region. Pilgrimage route from [&hellip;]<\/p>\n","protected":false},"author":3,"featured_media":0,"parent":280,"menu_order":0,"comment_status":"closed","ping_status":"closed","template":"","meta":{"_et_pb_use_builder":"on","_et_pb_old_content":"","_et_gb_content_width":"","_monsterinsights_skip_tracking":false,"_monsterinsights_sitenote_active":false,"_monsterinsights_sitenote_note":"","_monsterinsights_sitenote_category":0,"footnotes":""},"class_list":["post-319","page","type-page","status-publish","hentry"],"yoast_head":"<!-- This site is optimized with the Yoast SEO plugin v26.5 - https:\/\/yoast.com\/wordpress\/plugins\/seo\/ -->\n<title>Pilgrim routes - G\u00eete Pelerin - Le Chemin<\/title>\n<meta name=\"robots\" content=\"index, follow, max-snippet:-1, max-image-preview:large, max-video-preview:-1\" \/>\n<link rel=\"canonical\" href=\"https:\/\/gitepelerinlechemin.com\/en\/hostel\/pilgrim-routes\/\" \/>\n<meta property=\"og:locale\" content=\"en_US\" \/>\n<meta property=\"og:type\" content=\"article\" \/>\n<meta property=\"og:title\" content=\"Pilgrim routes - G\u00eete Pelerin - Le Chemin\" \/>\n<meta property=\"og:description\" content=\"Pilgrim routes around V\u00e9zelay and Le CheminG\u00eete P\u00e8lerin \u2013 Le Chemin is situated in a unique location: several well-known pilgrimage routes converge here or pass close by. Whether you&#039;re traveling on foot or by bike, you&#039;ll always find connections to the main routes to Santiago\u2014and to beautiful circular walks in the region. Pilgrimage route from [&hellip;]\" \/>\n<meta property=\"og:url\" content=\"https:\/\/gitepelerinlechemin.com\/en\/hostel\/pilgrim-routes\/\" \/>\n<meta property=\"og:site_name\" content=\"G\u00eete Pelerin - Le Chemin\" \/>\n<meta property=\"article:publisher\" content=\"https:\/\/www.facebook.com\/gitepelerin\" \/>\n<meta property=\"article:modified_time\" content=\"2025-12-04T15:05:22+00:00\" \/>\n<meta name=\"twitter:card\" content=\"summary_large_image\" \/>\n<meta name=\"twitter:label1\" content=\"Est. reading time\" \/>\n\t<meta name=\"twitter:data1\" content=\"7 minutes\" \/>\n<script type=\"application\/ld+json\" class=\"yoast-schema-graph\">{\"@context\":\"https:\/\/schema.org\",\"@graph\":[{\"@type\":\"WebPage\",\"@id\":\"https:\/\/gitepelerinlechemin.com\/en\/hostel\/pilgrim-routes\/\",\"url\":\"https:\/\/gitepelerinlechemin.com\/en\/hostel\/pilgrim-routes\/\",\"name\":\"Pilgrim routes - G\u00eete Pelerin - Le Chemin\",\"isPartOf\":{\"@id\":\"https:\/\/gitepelerinlechemin.com\/#website\"},\"datePublished\":\"2025-11-13T16:20:11+00:00\",\"dateModified\":\"2025-12-04T15:05:22+00:00\",\"breadcrumb\":{\"@id\":\"https:\/\/gitepelerinlechemin.com\/en\/hostel\/pilgrim-routes\/#breadcrumb\"},\"inLanguage\":\"en-US\",\"potentialAction\":[{\"@type\":\"ReadAction\",\"target\":[\"https:\/\/gitepelerinlechemin.com\/en\/hostel\/pilgrim-routes\/\"]}]},{\"@type\":\"BreadcrumbList\",\"@id\":\"https:\/\/gitepelerinlechemin.com\/en\/hostel\/pilgrim-routes\/#breadcrumb\",\"itemListElement\":[{\"@type\":\"ListItem\",\"position\":1,\"name\":\"Home\",\"item\":\"https:\/\/gitepelerinlechemin.com\/en\/\"},{\"@type\":\"ListItem\",\"position\":2,\"name\":\"Hostel\",\"item\":\"https:\/\/gitepelerinlechemin.com\/en\/hostel\/\"},{\"@type\":\"ListItem\",\"position\":3,\"name\":\"Pilgrim routes\"}]},{\"@type\":\"WebSite\",\"@id\":\"https:\/\/gitepelerinlechemin.com\/#website\",\"url\":\"https:\/\/gitepelerinlechemin.com\/\",\"name\":\"G\u00eete Pelerin - Le Chemin\",\"description\":\"Waar je ook vandaan komt, bij ons ben je welkom!\",\"publisher\":{\"@id\":\"https:\/\/gitepelerinlechemin.com\/#organization\"},\"potentialAction\":[{\"@type\":\"SearchAction\",\"target\":{\"@type\":\"EntryPoint\",\"urlTemplate\":\"https:\/\/gitepelerinlechemin.com\/?s={search_term_string}\"},\"query-input\":{\"@type\":\"PropertyValueSpecification\",\"valueRequired\":true,\"valueName\":\"search_term_string\"}}],\"inLanguage\":\"en-US\"},{\"@type\":\"Organization\",\"@id\":\"https:\/\/gitepelerinlechemin.com\/#organization\",\"name\":\"G\u00eete Pelerin - Le Chemin\",\"url\":\"https:\/\/gitepelerinlechemin.com\/\",\"logo\":{\"@type\":\"ImageObject\",\"inLanguage\":\"en-US\",\"@id\":\"https:\/\/gitepelerinlechemin.com\/#\/schema\/logo\/image\/\",\"url\":\"https:\/\/gitepelerinlechemin.com\/wp-content\/uploads\/gplc-logo.png\",\"contentUrl\":\"https:\/\/gitepelerinlechemin.com\/wp-content\/uploads\/gplc-logo.png\",\"width\":500,\"height\":171,\"caption\":\"G\u00eete Pelerin - Le Chemin\"},\"image\":{\"@id\":\"https:\/\/gitepelerinlechemin.com\/#\/schema\/logo\/image\/\"},\"sameAs\":[\"https:\/\/www.facebook.com\/gitepelerin\",\"https:\/\/www.instagram.com\/gitepelerin\/\"]}]}<\/script>\n<!-- \/ Yoast SEO plugin. -->","yoast_head_json":{"title":"Pilgrim routes - G\u00eete Pelerin - Le Chemin","robots":{"index":"index","follow":"follow","max-snippet":"max-snippet:-1","max-image-preview":"max-image-preview:large","max-video-preview":"max-video-preview:-1"},"canonical":"https:\/\/gitepelerinlechemin.com\/en\/hostel\/pilgrim-routes\/","og_locale":"en_US","og_type":"article","og_title":"Pilgrim routes - G\u00eete Pelerin - Le Chemin","og_description":"Pilgrim routes around V\u00e9zelay and Le CheminG\u00eete P\u00e8lerin \u2013 Le Chemin is situated in a unique location: several well-known pilgrimage routes converge here or pass close by. Whether you're traveling on foot or by bike, you'll always find connections to the main routes to Santiago\u2014and to beautiful circular walks in the region. Pilgrimage route from [&hellip;]","og_url":"https:\/\/gitepelerinlechemin.com\/en\/hostel\/pilgrim-routes\/","og_site_name":"G\u00eete Pelerin - Le Chemin","article_publisher":"https:\/\/www.facebook.com\/gitepelerin","article_modified_time":"2025-12-04T15:05:22+00:00","twitter_card":"summary_large_image","twitter_misc":{"Est. reading time":"7 minutes"},"schema":{"@context":"https:\/\/schema.org","@graph":[{"@type":"WebPage","@id":"https:\/\/gitepelerinlechemin.com\/en\/hostel\/pilgrim-routes\/","url":"https:\/\/gitepelerinlechemin.com\/en\/hostel\/pilgrim-routes\/","name":"Pilgrim routes - G\u00eete Pelerin - Le Chemin","isPartOf":{"@id":"https:\/\/gitepelerinlechemin.com\/#website"},"datePublished":"2025-11-13T16:20:11+00:00","dateModified":"2025-12-04T15:05:22+00:00","breadcrumb":{"@id":"https:\/\/gitepelerinlechemin.com\/en\/hostel\/pilgrim-routes\/#breadcrumb"},"inLanguage":"en-US","potentialAction":[{"@type":"ReadAction","target":["https:\/\/gitepelerinlechemin.com\/en\/hostel\/pilgrim-routes\/"]}]},{"@type":"BreadcrumbList","@id":"https:\/\/gitepelerinlechemin.com\/en\/hostel\/pilgrim-routes\/#breadcrumb","itemListElement":[{"@type":"ListItem","position":1,"name":"Home","item":"https:\/\/gitepelerinlechemin.com\/en\/"},{"@type":"ListItem","position":2,"name":"Hostel","item":"https:\/\/gitepelerinlechemin.com\/en\/hostel\/"},{"@type":"ListItem","position":3,"name":"Pilgrim routes"}]},{"@type":"WebSite","@id":"https:\/\/gitepelerinlechemin.com\/#website","url":"https:\/\/gitepelerinlechemin.com\/","name":"G\u00eete Pelerin - Le Chemin","description":"Waar je ook vandaan komt, bij ons ben je welkom!","publisher":{"@id":"https:\/\/gitepelerinlechemin.com\/#organization"},"potentialAction":[{"@type":"SearchAction","target":{"@type":"EntryPoint","urlTemplate":"https:\/\/gitepelerinlechemin.com\/?s={search_term_string}"},"query-input":{"@type":"PropertyValueSpecification","valueRequired":true,"valueName":"search_term_string"}}],"inLanguage":"en-US"},{"@type":"Organization","@id":"https:\/\/gitepelerinlechemin.com\/#organization","name":"G\u00eete Pelerin - Le Chemin","url":"https:\/\/gitepelerinlechemin.com\/","logo":{"@type":"ImageObject","inLanguage":"en-US","@id":"https:\/\/gitepelerinlechemin.com\/#\/schema\/logo\/image\/","url":"https:\/\/gitepelerinlechemin.com\/wp-content\/uploads\/gplc-logo.png","contentUrl":"https:\/\/gitepelerinlechemin.com\/wp-content\/uploads\/gplc-logo.png","width":500,"height":171,"caption":"G\u00eete Pelerin - Le Chemin"},"image":{"@id":"https:\/\/gitepelerinlechemin.com\/#\/schema\/logo\/image\/"},"sameAs":["https:\/\/www.facebook.com\/gitepelerin","https:\/\/www.instagram.com\/gitepelerin\/"]}]}},"_links":{"self":[{"href":"https:\/\/gitepelerinlechemin.com\/en\/wp-json\/wp\/v2\/pages\/319","targetHints":{"allow":["GET"]}}],"collection":[{"href":"https:\/\/gitepelerinlechemin.com\/en\/wp-json\/wp\/v2\/pages"}],"about":[{"href":"https:\/\/gitepelerinlechemin.com\/en\/wp-json\/wp\/v2\/types\/page"}],"author":[{"embeddable":true,"href":"https:\/\/gitepelerinlechemin.com\/en\/wp-json\/wp\/v2\/users\/3"}],"replies":[{"embeddable":true,"href":"https:\/\/gitepelerinlechemin.com\/en\/wp-json\/wp\/v2\/comments?post=319"}],"version-history":[{"count":6,"href":"https:\/\/gitepelerinlechemin.com\/en\/wp-json\/wp\/v2\/pages\/319\/revisions"}],"predecessor-version":[{"id":414,"href":"https:\/\/gitepelerinlechemin.com\/en\/wp-json\/wp\/v2\/pages\/319\/revisions\/414"}],"up":[{"embeddable":true,"href":"https:\/\/gitepelerinlechemin.com\/en\/wp-json\/wp\/v2\/pages\/280"}],"wp:attachment":[{"href":"https:\/\/gitepelerinlechemin.com\/en\/wp-json\/wp\/v2\/media?parent=319"}],"curies":[{"name":"wp","href":"https:\/\/api.w.org\/{rel}","templated":true}]}}