{"id":298,"date":"2025-11-13T13:55:09","date_gmt":"2025-11-13T13:55:09","guid":{"rendered":"https:\/\/gitepelerinlechemin.com\/hostel\/donativo\/"},"modified":"2025-12-04T14:57:35","modified_gmt":"2025-12-04T14:57:35","slug":"donativo","status":"publish","type":"page","link":"https:\/\/gitepelerinlechemin.com\/en\/hostel\/donativo\/","title":{"rendered":"Donativo"},"content":{"rendered":"<p>[et_pb_section fb_built=&#8221;1&#8243; custom_padding_last_edited=&#8221;on|tablet&#8221; next_background_color=&#8221;#b9983f&#8221; _builder_version=&#8221;4.27.4&#8243; _module_preset=&#8221;default&#8221; background_color=&#8221;#f8f1e8&#8243; use_background_color_gradient=&#8221;on&#8221; background_color_gradient_direction=&#8221;156deg&#8221; background_color_gradient_stops=&#8221;#f8f1e8 0%|rgba(131,126,72,0.53) 100%&#8221; custom_padding=&#8221;||230px|||&#8221; custom_padding_tablet=&#8221;||100px||false|false&#8221; custom_padding_phone=&#8221;||100px||false|false&#8221; bottom_divider_style=&#8221;wave2&#8243; bottom_divider_flip=&#8221;vertical&#8221; bottom_divider_height_tablet=&#8221;50px&#8221; bottom_divider_height_phone=&#8221;25px&#8221; bottom_divider_height_last_edited=&#8221;on|phone&#8221; global_colors_info=&#8221;{}&#8221;][et_pb_row column_structure=&#8221;3_5,2_5&#8243; _builder_version=&#8221;4.27.4&#8243; _module_preset=&#8221;default&#8221; global_colors_info=&#8221;{}&#8221;][et_pb_column type=&#8221;3_5&#8243; _builder_version=&#8221;4.27.4&#8243; _module_preset=&#8221;default&#8221; global_colors_info=&#8221;{}&#8221;][et_pb_text module_class=&#8221;hangyaboly&#8221; _builder_version=&#8221;4.27.4&#8243; _module_preset=&#8221;default&#8221; text_text_color=&#8221;#FFFFFF&#8221; text_font_size=&#8221;65px&#8221; header_text_align=&#8221;left&#8221; header_text_color=&#8221;#d87e32&#8243; header_font_size=&#8221;60px&#8221; text_orientation=&#8221;center&#8221; custom_padding=&#8221;||||false|false&#8221; text_font_size_tablet=&#8221;50px&#8221; text_font_size_phone=&#8221;50px&#8221; text_font_size_last_edited=&#8221;on|phone&#8221; global_colors_info=&#8221;{}&#8221;]<\/p>\n<h1>What is donativo?<\/h1>\n<p>[\/et_pb_text][et_pb_text _builder_version=&#8221;4.27.4&#8243; _module_preset=&#8221;default&#8221; text_font=&#8221;Poppins||||||||&#8221; text_text_color=&#8221;#604823&#8243; text_font_size=&#8221;18px&#8221; text_line_height=&#8221;1.8em&#8221; global_colors_info=&#8221;{}&#8221;]<\/p>\n<p>At G\u00eete P\u00e8lerin \u2013 Le Chemin, like many pilgrim hostels, we operate on a donation basis. This means you don&#8217;t pay a fixed price, but instead give what you can at the time. <\/p>\n<p>The word donativo comes from Spanish and means gift. It&#8217;s a centuries-old tradition along the pilgrimage routes: pilgrims contribute according to their ability, so that everyone\u2014regardless of budget\u2014can find a place to rest and recharge along the way. <\/p>\n<p>[\/et_pb_text][et_pb_text module_class=&#8221;hangyaboly&#8221; _builder_version=&#8221;4.27.4&#8243; _module_preset=&#8221;default&#8221; text_text_color=&#8221;#FFFFFF&#8221; text_font_size=&#8221;65px&#8221; header_text_align=&#8221;left&#8221; header_text_color=&#8221;#d87e32&#8243; header_font_size=&#8221;60px&#8221; header_2_font=&#8221;||||||||&#8221; header_2_text_align=&#8221;left&#8221; header_2_text_color=&#8221;#604823&#8243; header_2_font_size=&#8221;45px&#8221; text_orientation=&#8221;center&#8221; custom_margin=&#8221;||10px||false|false&#8221; custom_margin_tablet=&#8221;||10px||false|false&#8221; custom_margin_phone=&#8221;||10px||false|false&#8221; custom_margin_last_edited=&#8221;on|phone&#8221; custom_padding=&#8221;||||false|false&#8221; text_font_size_tablet=&#8221;50px&#8221; text_font_size_phone=&#8221;50px&#8221; text_font_size_last_edited=&#8221;on|phone&#8221; global_colors_info=&#8221;{}&#8221;]<\/p>\n<h2>Why do we work with donativo?<\/h2>\n<p>[\/et_pb_text][et_pb_text _builder_version=&#8221;4.27.4&#8243; _module_preset=&#8221;default&#8221; text_font=&#8221;Poppins||||||||&#8221; text_text_color=&#8221;#604823&#8243; text_font_size=&#8221;18px&#8221; text_line_height=&#8221;1.8em&#8221; hover_enabled=&#8221;0&#8243; global_colors_info=&#8221;{}&#8221; sticky_enabled=&#8221;0&#8243;]<\/p>\n<p>It is our wish that this hostel remains accessible to <em>all <\/em>pilgrims, including those on longer journeys or with a more limited budget. Donativo makes this possible: some pilgrims give a little more, others a little less, and together we keep this place going.<\/p>\n<p>Although we, as managers and volunteers, work without compensation, there are of course costs to keep the g\u00eete running: think of energy, maintenance of the historic inn and daily amenities.<\/p>\n<p>[\/et_pb_text][\/et_pb_column][et_pb_column type=&#8221;2_5&#8243; _builder_version=&#8221;4.27.4&#8243; _module_preset=&#8221;default&#8221; global_colors_info=&#8221;{}&#8221;][et_pb_image src=&#8221;https:\/\/gitepelerinlechemin.com\/wp-content\/uploads\/gitepelerin-6.jpg&#8221; title_text=&#8221;gitepelerin-6&#8243; _builder_version=&#8221;4.27.4&#8243; _module_preset=&#8221;default&#8221; custom_margin=&#8221;100px||||false|false&#8221; custom_margin_tablet=&#8221;20px||||false|false&#8221; custom_margin_phone=&#8221;20px||||false|false&#8221; custom_margin_last_edited=&#8221;on|phone&#8221; box_shadow_style=&#8221;preset1&#8243; global_colors_info=&#8221;{}&#8221;][\/et_pb_image][\/et_pb_column][\/et_pb_row][et_pb_row column_structure=&#8221;2_5,3_5&#8243; _builder_version=&#8221;4.27.4&#8243; _module_preset=&#8221;default&#8221; global_colors_info=&#8221;{}&#8221;][et_pb_column type=&#8221;2_5&#8243; _builder_version=&#8221;4.27.4&#8243; _module_preset=&#8221;default&#8221; global_colors_info=&#8221;{}&#8221;][et_pb_image src=&#8221;https:\/\/gitepelerinlechemin.com\/wp-content\/uploads\/gitepelerin-donativo.jpg&#8221; title_text=&#8221;gitepelerin-donativo&#8221; _builder_version=&#8221;4.27.4&#8243; _module_preset=&#8221;default&#8221; custom_margin=&#8221;||||false|false&#8221; custom_margin_tablet=&#8221;20px||||false|false&#8221; custom_margin_phone=&#8221;20px||||false|false&#8221; custom_margin_last_edited=&#8221;on|phone&#8221; box_shadow_style=&#8221;preset1&#8243; global_colors_info=&#8221;{}&#8221;][\/et_pb_image][\/et_pb_column][et_pb_column type=&#8221;3_5&#8243; _builder_version=&#8221;4.27.4&#8243; _module_preset=&#8221;default&#8221; global_colors_info=&#8221;{}&#8221;][et_pb_text module_class=&#8221;hangyaboly&#8221; _builder_version=&#8221;4.27.4&#8243; _module_preset=&#8221;default&#8221; text_text_color=&#8221;#FFFFFF&#8221; text_font_size=&#8221;65px&#8221; header_text_align=&#8221;left&#8221; header_text_color=&#8221;#d87e32&#8243; header_font_size=&#8221;60px&#8221; header_2_font=&#8221;||||||||&#8221; header_2_text_align=&#8221;left&#8221; header_2_text_color=&#8221;#604823&#8243; header_2_font_size=&#8221;45px&#8221; text_orientation=&#8221;center&#8221; custom_margin=&#8221;||10px||false|false&#8221; custom_margin_tablet=&#8221;||10px||false|false&#8221; custom_margin_phone=&#8221;||10px||false|false&#8221; custom_margin_last_edited=&#8221;on|phone&#8221; custom_padding=&#8221;||||false|false&#8221; text_font_size_tablet=&#8221;50px&#8221; text_font_size_phone=&#8221;50px&#8221; text_font_size_last_edited=&#8221;on|phone&#8221; global_colors_info=&#8221;{}&#8221;]<\/p>\n<h2>What is an appropriate contribution?<\/h2>\n<p>[\/et_pb_text][et_pb_text _builder_version=&#8221;4.27.4&#8243; _module_preset=&#8221;default&#8221; text_font=&#8221;Poppins||||||||&#8221; text_text_color=&#8221;#604823&#8243; text_font_size=&#8221;18px&#8221; text_line_height=&#8221;1.8em&#8221; hover_enabled=&#8221;0&#8243; global_colors_info=&#8221;{}&#8221; sticky_enabled=&#8221;0&#8243;]<\/p>\n<p>To give you an idea of \u200b\u200bthe cost of one night&#8217;s accommodation with dinner and breakfast:<\/p>\n<ul>\n<li>\u20ac40 \u2192 this will cover the expenses<\/li>\n<li>More than \u20ac40 \u2192 this helps pilgrims who are less able to contribute<\/li>\n<li>Less than \u20ac40 \u2192 give what feels appropriate for your situation<\/li>\n<\/ul>\n<p>Extras such as drinks, lunch or transportation are paid separately.<\/p>\n<p>[\/et_pb_text][et_pb_text module_class=&#8221;hangyaboly&#8221; _builder_version=&#8221;4.27.4&#8243; _module_preset=&#8221;default&#8221; text_text_color=&#8221;#FFFFFF&#8221; text_font_size=&#8221;65px&#8221; header_text_align=&#8221;left&#8221; header_text_color=&#8221;#d87e32&#8243; header_font_size=&#8221;60px&#8221; header_2_font=&#8221;||||||||&#8221; header_2_text_align=&#8221;left&#8221; header_2_text_color=&#8221;#604823&#8243; header_2_font_size=&#8221;45px&#8221; text_orientation=&#8221;center&#8221; custom_margin=&#8221;||10px||false|false&#8221; custom_margin_tablet=&#8221;||10px||false|false&#8221; custom_margin_phone=&#8221;||10px||false|false&#8221; custom_margin_last_edited=&#8221;on|phone&#8221; custom_padding=&#8221;||||false|false&#8221; text_font_size_tablet=&#8221;50px&#8221; text_font_size_phone=&#8221;50px&#8221; text_font_size_last_edited=&#8221;on|phone&#8221; global_colors_info=&#8221;{}&#8221;]<\/p>\n<h2>Thank you<\/h2>\n<p>[\/et_pb_text][et_pb_text _builder_version=&#8221;4.27.4&#8243; _module_preset=&#8221;default&#8221; text_font=&#8221;Poppins||||||||&#8221; text_text_color=&#8221;#604823&#8243; text_font_size=&#8221;18px&#8221; text_line_height=&#8221;1.8em&#8221; hover_enabled=&#8221;0&#8243; global_colors_info=&#8221;{}&#8221; sticky_enabled=&#8221;0&#8243;]<\/p>\n<p>With your donation, you contribute not only to your own stay, but also to the hospitality of pilgrims who come after you and to the maintenance of this historic site.<\/p>\n<p>It&#8217;s a small gesture, but with great meaning.<\/p>\n<p>[\/et_pb_text][\/et_pb_column][\/et_pb_row][\/et_pb_section]<\/p>\n","protected":false},"excerpt":{"rendered":"<p>What is donativo?At G\u00eete P\u00e8lerin \u2013 Le Chemin, like many pilgrim hostels, we operate on a donation basis. This means you don&#8217;t pay a fixed price, but instead give what you can at the time. The word donativo comes from Spanish and means gift. It&#8217;s a centuries-old tradition along the pilgrimage routes: pilgrims contribute according [&hellip;]<\/p>\n","protected":false},"author":3,"featured_media":0,"parent":280,"menu_order":0,"comment_status":"closed","ping_status":"closed","template":"","meta":{"_et_pb_use_builder":"on","_et_pb_old_content":"","_et_gb_content_width":"","_monsterinsights_skip_tracking":false,"_monsterinsights_sitenote_active":false,"_monsterinsights_sitenote_note":"","_monsterinsights_sitenote_category":0,"footnotes":""},"class_list":["post-298","page","type-page","status-publish","hentry"],"yoast_head":"<!-- This site is optimized with the Yoast SEO plugin v26.5 - https:\/\/yoast.com\/wordpress\/plugins\/seo\/ -->\n<title>Donativo - G\u00eete Pelerin - Le Chemin<\/title>\n<meta name=\"robots\" content=\"index, follow, max-snippet:-1, max-image-preview:large, max-video-preview:-1\" \/>\n<link rel=\"canonical\" href=\"https:\/\/gitepelerinlechemin.com\/en\/hostel\/donativo\/\" \/>\n<meta property=\"og:locale\" content=\"en_US\" \/>\n<meta property=\"og:type\" content=\"article\" \/>\n<meta property=\"og:title\" content=\"Donativo - G\u00eete Pelerin - Le Chemin\" \/>\n<meta property=\"og:description\" content=\"What is donativo?At G\u00eete P\u00e8lerin \u2013 Le Chemin, like many pilgrim hostels, we operate on a donation basis. This means you don&#039;t pay a fixed price, but instead give what you can at the time. The word donativo comes from Spanish and means gift. It&#039;s a centuries-old tradition along the pilgrimage routes: pilgrims contribute according [&hellip;]\" \/>\n<meta property=\"og:url\" content=\"https:\/\/gitepelerinlechemin.com\/en\/hostel\/donativo\/\" \/>\n<meta property=\"og:site_name\" content=\"G\u00eete Pelerin - Le Chemin\" \/>\n<meta property=\"article:publisher\" content=\"https:\/\/www.facebook.com\/gitepelerin\" \/>\n<meta property=\"article:modified_time\" content=\"2025-12-04T14:57:35+00:00\" \/>\n<meta name=\"twitter:card\" content=\"summary_large_image\" \/>\n<meta name=\"twitter:label1\" content=\"Est. reading time\" \/>\n\t<meta name=\"twitter:data1\" content=\"5 minutes\" \/>\n<script type=\"application\/ld+json\" class=\"yoast-schema-graph\">{\"@context\":\"https:\/\/schema.org\",\"@graph\":[{\"@type\":\"WebPage\",\"@id\":\"https:\/\/gitepelerinlechemin.com\/en\/hostel\/donativo\/\",\"url\":\"https:\/\/gitepelerinlechemin.com\/en\/hostel\/donativo\/\",\"name\":\"Donativo - G\u00eete Pelerin - Le Chemin\",\"isPartOf\":{\"@id\":\"https:\/\/gitepelerinlechemin.com\/#website\"},\"datePublished\":\"2025-11-13T13:55:09+00:00\",\"dateModified\":\"2025-12-04T14:57:35+00:00\",\"breadcrumb\":{\"@id\":\"https:\/\/gitepelerinlechemin.com\/en\/hostel\/donativo\/#breadcrumb\"},\"inLanguage\":\"en-US\",\"potentialAction\":[{\"@type\":\"ReadAction\",\"target\":[\"https:\/\/gitepelerinlechemin.com\/en\/hostel\/donativo\/\"]}]},{\"@type\":\"BreadcrumbList\",\"@id\":\"https:\/\/gitepelerinlechemin.com\/en\/hostel\/donativo\/#breadcrumb\",\"itemListElement\":[{\"@type\":\"ListItem\",\"position\":1,\"name\":\"Home\",\"item\":\"https:\/\/gitepelerinlechemin.com\/en\/\"},{\"@type\":\"ListItem\",\"position\":2,\"name\":\"Hostel\",\"item\":\"https:\/\/gitepelerinlechemin.com\/en\/hostel\/\"},{\"@type\":\"ListItem\",\"position\":3,\"name\":\"Donativo\"}]},{\"@type\":\"WebSite\",\"@id\":\"https:\/\/gitepelerinlechemin.com\/#website\",\"url\":\"https:\/\/gitepelerinlechemin.com\/\",\"name\":\"G\u00eete Pelerin - Le Chemin\",\"description\":\"Waar je ook vandaan komt, bij ons ben je welkom!\",\"publisher\":{\"@id\":\"https:\/\/gitepelerinlechemin.com\/#organization\"},\"potentialAction\":[{\"@type\":\"SearchAction\",\"target\":{\"@type\":\"EntryPoint\",\"urlTemplate\":\"https:\/\/gitepelerinlechemin.com\/?s={search_term_string}\"},\"query-input\":{\"@type\":\"PropertyValueSpecification\",\"valueRequired\":true,\"valueName\":\"search_term_string\"}}],\"inLanguage\":\"en-US\"},{\"@type\":\"Organization\",\"@id\":\"https:\/\/gitepelerinlechemin.com\/#organization\",\"name\":\"G\u00eete Pelerin - Le Chemin\",\"url\":\"https:\/\/gitepelerinlechemin.com\/\",\"logo\":{\"@type\":\"ImageObject\",\"inLanguage\":\"en-US\",\"@id\":\"https:\/\/gitepelerinlechemin.com\/#\/schema\/logo\/image\/\",\"url\":\"https:\/\/gitepelerinlechemin.com\/wp-content\/uploads\/gplc-logo.png\",\"contentUrl\":\"https:\/\/gitepelerinlechemin.com\/wp-content\/uploads\/gplc-logo.png\",\"width\":500,\"height\":171,\"caption\":\"G\u00eete Pelerin - Le Chemin\"},\"image\":{\"@id\":\"https:\/\/gitepelerinlechemin.com\/#\/schema\/logo\/image\/\"},\"sameAs\":[\"https:\/\/www.facebook.com\/gitepelerin\",\"https:\/\/www.instagram.com\/gitepelerin\/\"]}]}<\/script>\n<!-- \/ Yoast SEO plugin. -->","yoast_head_json":{"title":"Donativo - G\u00eete Pelerin - Le Chemin","robots":{"index":"index","follow":"follow","max-snippet":"max-snippet:-1","max-image-preview":"max-image-preview:large","max-video-preview":"max-video-preview:-1"},"canonical":"https:\/\/gitepelerinlechemin.com\/en\/hostel\/donativo\/","og_locale":"en_US","og_type":"article","og_title":"Donativo - G\u00eete Pelerin - Le Chemin","og_description":"What is donativo?At G\u00eete P\u00e8lerin \u2013 Le Chemin, like many pilgrim hostels, we operate on a donation basis. This means you don't pay a fixed price, but instead give what you can at the time. The word donativo comes from Spanish and means gift. It's a centuries-old tradition along the pilgrimage routes: pilgrims contribute according [&hellip;]","og_url":"https:\/\/gitepelerinlechemin.com\/en\/hostel\/donativo\/","og_site_name":"G\u00eete Pelerin - Le Chemin","article_publisher":"https:\/\/www.facebook.com\/gitepelerin","article_modified_time":"2025-12-04T14:57:35+00:00","twitter_card":"summary_large_image","twitter_misc":{"Est. reading time":"5 minutes"},"schema":{"@context":"https:\/\/schema.org","@graph":[{"@type":"WebPage","@id":"https:\/\/gitepelerinlechemin.com\/en\/hostel\/donativo\/","url":"https:\/\/gitepelerinlechemin.com\/en\/hostel\/donativo\/","name":"Donativo - G\u00eete Pelerin - Le Chemin","isPartOf":{"@id":"https:\/\/gitepelerinlechemin.com\/#website"},"datePublished":"2025-11-13T13:55:09+00:00","dateModified":"2025-12-04T14:57:35+00:00","breadcrumb":{"@id":"https:\/\/gitepelerinlechemin.com\/en\/hostel\/donativo\/#breadcrumb"},"inLanguage":"en-US","potentialAction":[{"@type":"ReadAction","target":["https:\/\/gitepelerinlechemin.com\/en\/hostel\/donativo\/"]}]},{"@type":"BreadcrumbList","@id":"https:\/\/gitepelerinlechemin.com\/en\/hostel\/donativo\/#breadcrumb","itemListElement":[{"@type":"ListItem","position":1,"name":"Home","item":"https:\/\/gitepelerinlechemin.com\/en\/"},{"@type":"ListItem","position":2,"name":"Hostel","item":"https:\/\/gitepelerinlechemin.com\/en\/hostel\/"},{"@type":"ListItem","position":3,"name":"Donativo"}]},{"@type":"WebSite","@id":"https:\/\/gitepelerinlechemin.com\/#website","url":"https:\/\/gitepelerinlechemin.com\/","name":"G\u00eete Pelerin - Le Chemin","description":"Waar je ook vandaan komt, bij ons ben je welkom!","publisher":{"@id":"https:\/\/gitepelerinlechemin.com\/#organization"},"potentialAction":[{"@type":"SearchAction","target":{"@type":"EntryPoint","urlTemplate":"https:\/\/gitepelerinlechemin.com\/?s={search_term_string}"},"query-input":{"@type":"PropertyValueSpecification","valueRequired":true,"valueName":"search_term_string"}}],"inLanguage":"en-US"},{"@type":"Organization","@id":"https:\/\/gitepelerinlechemin.com\/#organization","name":"G\u00eete Pelerin - Le Chemin","url":"https:\/\/gitepelerinlechemin.com\/","logo":{"@type":"ImageObject","inLanguage":"en-US","@id":"https:\/\/gitepelerinlechemin.com\/#\/schema\/logo\/image\/","url":"https:\/\/gitepelerinlechemin.com\/wp-content\/uploads\/gplc-logo.png","contentUrl":"https:\/\/gitepelerinlechemin.com\/wp-content\/uploads\/gplc-logo.png","width":500,"height":171,"caption":"G\u00eete Pelerin - Le Chemin"},"image":{"@id":"https:\/\/gitepelerinlechemin.com\/#\/schema\/logo\/image\/"},"sameAs":["https:\/\/www.facebook.com\/gitepelerin","https:\/\/www.instagram.com\/gitepelerin\/"]}]}},"_links":{"self":[{"href":"https:\/\/gitepelerinlechemin.com\/en\/wp-json\/wp\/v2\/pages\/298","targetHints":{"allow":["GET"]}}],"collection":[{"href":"https:\/\/gitepelerinlechemin.com\/en\/wp-json\/wp\/v2\/pages"}],"about":[{"href":"https:\/\/gitepelerinlechemin.com\/en\/wp-json\/wp\/v2\/types\/page"}],"author":[{"embeddable":true,"href":"https:\/\/gitepelerinlechemin.com\/en\/wp-json\/wp\/v2\/users\/3"}],"replies":[{"embeddable":true,"href":"https:\/\/gitepelerinlechemin.com\/en\/wp-json\/wp\/v2\/comments?post=298"}],"version-history":[{"count":3,"href":"https:\/\/gitepelerinlechemin.com\/en\/wp-json\/wp\/v2\/pages\/298\/revisions"}],"predecessor-version":[{"id":410,"href":"https:\/\/gitepelerinlechemin.com\/en\/wp-json\/wp\/v2\/pages\/298\/revisions\/410"}],"up":[{"embeddable":true,"href":"https:\/\/gitepelerinlechemin.com\/en\/wp-json\/wp\/v2\/pages\/280"}],"wp:attachment":[{"href":"https:\/\/gitepelerinlechemin.com\/en\/wp-json\/wp\/v2\/media?parent=298"}],"curies":[{"name":"wp","href":"https:\/\/api.w.org\/{rel}","templated":true}]}}