{"id":117,"date":"2025-11-04T11:57:15","date_gmt":"2025-11-04T11:57:15","guid":{"rendered":"https:\/\/gitepelerinlechemin.com\/gite-pelerin-le-chemin\/"},"modified":"2025-12-11T08:43:15","modified_gmt":"2025-12-11T08:43:15","slug":"gite-pelerin-le-chemin","status":"publish","type":"page","link":"https:\/\/gitepelerinlechemin.com\/en\/","title":{"rendered":"G\u00eete P\u00e8lerin \u2013 Le Chemin"},"content":{"rendered":"<p>[et_pb_section fb_built=&#8221;1&#8243; fullwidth=&#8221;on&#8221; admin_label=&#8221;Hero&#8221; _builder_version=&#8221;4.27.4&#8243; background_enable_color=&#8221;off&#8221; parallax=&#8221;on&#8221; background_enable_video_mp4=&#8221;off&#8221; background_video_height=&#8221;100%&#8221; custom_padding=&#8221;0px|0px|0px|0px&#8221; global_colors_info=&#8221;{}&#8221;][et_pb_fullwidth_header title=&#8221;Wherever you come from, you are welcome here!&#8221; button_one_text=&#8221;Get in touch!&#8221; button_one_url=&#8221;https:\/\/gitepelerinlechemin.com\/en\/contact\/&#8221; background_overlay_color=&#8221;rgba(0,0,0,0.14)&#8221; admin_label=&#8221;Hero Section&#8221; module_class=&#8221;hangyaboly&#8221; _builder_version=&#8221;4.27.4&#8243; title_level=&#8221;h2&#8243; title_font=&#8221;||||||||&#8221; title_font_size=&#8221;80px&#8221; title_line_height=&#8221;1.3em&#8221; content_font=&#8221;Montserrat|600|||||||&#8221; content_font_size=&#8221;32px&#8221; background_enable_color=&#8221;off&#8221; background_enable_image=&#8221;off&#8221; parallax=&#8221;on&#8221; parallax_method=&#8221;on&#8221; background_video_mp4=&#8221;https:\/\/gitepelerinlechemin.com\/wp-content\/uploads\/gitepelerin-movie.mp4&#8243; custom_button_one=&#8221;on&#8221; button_one_border_radius=&#8221;0px&#8221; button_one_letter_spacing=&#8221;4px&#8221; button_one_font=&#8221;Poppins|700|||||||&#8221; button_one_icon=&#8221;&#x24;||divi||400&#8243; button_one_icon_color=&#8221;#ffffff&#8221; custom_margin=&#8221;|||&#8221; custom_padding=&#8221;400px||400px||false|false&#8221; custom_padding_tablet=&#8221;60px||60px|&#8221; custom_padding_phone=&#8221;&#8221; custom_padding_last_edited=&#8221;on|tablet&#8221; animation_style=&#8221;zoom&#8221; animation_direction=&#8221;bottom&#8221; animation_intensity_zoom=&#8221;4%&#8221; title_font_size_tablet=&#8221;50px&#8221; title_font_size_phone=&#8221;30px&#8221; title_font_size_last_edited=&#8221;on|phone&#8221; custom_css_logo=&#8221;width: 250px;||padding-bottom: 80px;&#8221; button_one_text_color_hover=&#8221;#ffffff&#8221; button_one_border_color_hover=&#8221;#ffffff&#8221; button_one_border_radius_hover=&#8221;0px&#8221; button_one_letter_spacing_hover=&#8221;4px&#8221; button_one_bg_color_hover=&#8221;rgba(0,0,0,0)&#8221; global_colors_info=&#8221;{}&#8221; button_one_text_size__hover_enabled=&#8221;off&#8221; button_two_text_size__hover_enabled=&#8221;off&#8221; button_one_text_color__hover_enabled=&#8221;on&#8221; button_one_text_color__hover=&#8221;#ffffff&#8221; button_two_text_color__hover_enabled=&#8221;off&#8221; button_one_border_width__hover_enabled=&#8221;off&#8221; button_two_border_width__hover_enabled=&#8221;off&#8221; button_one_border_color__hover_enabled=&#8221;on&#8221; button_one_border_color__hover=&#8221;#ffffff&#8221; button_two_border_color__hover_enabled=&#8221;off&#8221; button_one_border_radius__hover_enabled=&#8221;on&#8221; button_one_border_radius__hover=&#8221;0px&#8221; button_two_border_radius__hover_enabled=&#8221;off&#8221; button_one_letter_spacing__hover_enabled=&#8221;on&#8221; button_one_letter_spacing__hover=&#8221;4px&#8221; button_two_letter_spacing__hover_enabled=&#8221;off&#8221; button_one_bg_color__hover_enabled=&#8221;on&#8221; button_one_bg_color__hover=&#8221;rgba(0,0,0,0)&#8221; button_two_bg_color__hover_enabled=&#8221;off&#8221;][\/et_pb_fullwidth_header][\/et_pb_section][et_pb_section fb_built=&#8221;1&#8243; next_background_color=&#8221;#ffffff&#8221; _builder_version=&#8221;4.27.4&#8243; _module_preset=&#8221;default&#8221; background_color=&#8221;#f8f1e8&#8243; use_background_color_gradient=&#8221;on&#8221; background_color_gradient_direction=&#8221;156deg&#8221; background_color_gradient_stops=&#8221;#f8f1e8 0%|rgba(131,126,72,0.53) 100%&#8221; custom_padding=&#8221;||120px|||&#8221; bottom_divider_style=&#8221;wave2&#8243; bottom_divider_flip=&#8221;vertical&#8221; global_colors_info=&#8221;{}&#8221;][et_pb_row column_structure=&#8221;1_2,1_2&#8243; _builder_version=&#8221;4.27.4&#8243; _module_preset=&#8221;default&#8221; global_colors_info=&#8221;{}&#8221;][et_pb_column type=&#8221;1_2&#8243; _builder_version=&#8221;4.27.4&#8243; _module_preset=&#8221;default&#8221; global_colors_info=&#8221;{}&#8221;][et_pb_text module_class=&#8221;hangyaboly&#8221; _builder_version=&#8221;4.27.4&#8243; _module_preset=&#8221;default&#8221; text_text_color=&#8221;#FFFFFF&#8221; text_font_size=&#8221;65px&#8221; header_text_align=&#8221;left&#8221; header_text_color=&#8221;#d87e32&#8243; header_font_size=&#8221;60px&#8221; text_orientation=&#8221;center&#8221; custom_padding=&#8221;||||false|false&#8221; text_font_size_tablet=&#8221;50px&#8221; text_font_size_phone=&#8221;50px&#8221; text_font_size_last_edited=&#8221;on|phone&#8221; global_colors_info=&#8221;{}&#8221;]<\/p>\n<h1>G\u00eete P\u00e8lerin &#8211; Le Chemin<\/h1>\n<p>[\/et_pb_text][et_pb_text _builder_version=&#8221;4.27.4&#8243; _module_preset=&#8221;default&#8221; text_font=&#8221;Poppins||||||||&#8221; text_text_color=&#8221;#604823&#8243; text_font_size=&#8221;18px&#8221; text_line_height=&#8221;1.8em&#8221; header_2_text_color=&#8221;#604823&#8243; hover_enabled=&#8221;0&#8243; global_colors_info=&#8221;{}&#8221; sticky_enabled=&#8221;0&#8243;]<strong>Welcome to G\u00eete P\u00e8lerin \u2013 Le Chemin<\/strong><\/p>\n<p>A historic and inspiring place for pilgrims, hikers, and cyclists. Our inn is located on the old Roman road in the village of Anthien, in the hamlet of Le Chemin, 25 km from V\u00e9zelay, at the crossroads of several pilgrimage routes.<\/p>\n<p><strong>Formerly L\u2019Esprit Du Chemin, a pilgrim&#8217;s house for the journey<\/strong><br \/>\nG\u00eete Pelerin Le Chemin was formerly known as L\u2019Esprit Du Chemin and was founded by Arno and Huberta. Along with many volunteers, they transformed this beautiful old inn into the wonderful place it is today. After a day on the Camino, it&#8217;s a wonderful place to come home to. You&#8217;ll receive a warm welcome and a freshly prepared meal, which we&#8217;ll enjoy together at a long table. There are also several bedrooms with plenty of privacy.[\/et_pb_text][et_pb_button button_url=&#8221;https:\/\/gitepelerinlechemin.com\/en\/hostel\/&#8221; button_text=&#8221;Read more about the inn&#8221; module_class=&#8221;hangyaboly&#8221; _builder_version=&#8221;4.27.4&#8243; _module_preset=&#8221;default&#8221; custom_button=&#8221;on&#8221; button_text_size=&#8221;25px&#8221; button_text_color=&#8221;#FFFFFF&#8221; button_bg_color=&#8221;#D87E32&#8243; button_border_width=&#8221;4px&#8221; button_border_color=&#8221;#D87E32&#8243; button_icon=&#8221;&#x24;||divi||400&#8243; global_colors_info=&#8221;{}&#8221; button_border_radius__hover_enabled=&#8221;on|hover&#8221; button_border_radius__hover=&#8221;3px&#8221;][\/et_pb_button][\/et_pb_column][et_pb_column type=&#8221;1_2&#8243; _builder_version=&#8221;4.27.4&#8243; _module_preset=&#8221;default&#8221; global_colors_info=&#8221;{}&#8221;][et_pb_image src=&#8221;https:\/\/gitepelerinlechemin.com\/wp-content\/uploads\/foto3.jpg&#8221; title_text=&#8221;foto3&#8243; _builder_version=&#8221;4.27.4&#8243; _module_preset=&#8221;default&#8221; custom_padding=&#8221;50px||||false|false&#8221; box_shadow_style=&#8221;preset1&#8243; global_colors_info=&#8221;{}&#8221;][\/et_pb_image][\/et_pb_column][\/et_pb_row][et_pb_row column_structure=&#8221;2_5,3_5&#8243; _builder_version=&#8221;4.27.4&#8243; _module_preset=&#8221;default&#8221; global_colors_info=&#8221;{}&#8221;][et_pb_column type=&#8221;2_5&#8243; _builder_version=&#8221;4.27.4&#8243; _module_preset=&#8221;default&#8221; global_colors_info=&#8221;{}&#8221;][et_pb_image src=&#8221;https:\/\/gitepelerinlechemin.com\/wp-content\/uploads\/gitepelerin-7.jpg&#8221; title_text=&#8221;gitepelerin-7&#8243; _builder_version=&#8221;4.27.4&#8243; _module_preset=&#8221;default&#8221; box_shadow_style=&#8221;preset1&#8243; global_colors_info=&#8221;{}&#8221;][\/et_pb_image][\/et_pb_column][et_pb_column type=&#8221;3_5&#8243; _builder_version=&#8221;4.27.4&#8243; _module_preset=&#8221;default&#8221; global_colors_info=&#8221;{}&#8221;][et_pb_text module_class=&#8221;hangyaboly&#8221; _builder_version=&#8221;4.27.4&#8243; _module_preset=&#8221;default&#8221; text_text_color=&#8221;#FFFFFF&#8221; text_font_size=&#8221;65px&#8221; header_text_align=&#8221;left&#8221; header_text_color=&#8221;#d87e32&#8243; header_font_size=&#8221;60px&#8221; header_2_font=&#8221;||||||||&#8221; header_2_text_align=&#8221;left&#8221; header_2_text_color=&#8221;#604823&#8243; header_2_font_size=&#8221;45px&#8221; text_orientation=&#8221;center&#8221; custom_margin=&#8221;||10px||false|false&#8221; custom_margin_tablet=&#8221;||10px||false|false&#8221; custom_margin_phone=&#8221;||10px||false|false&#8221; custom_margin_last_edited=&#8221;on|phone&#8221; custom_padding=&#8221;||||false|false&#8221; text_font_size_tablet=&#8221;50px&#8221; text_font_size_phone=&#8221;50px&#8221; text_font_size_last_edited=&#8221;on|phone&#8221; global_colors_info=&#8221;{}&#8221;]<\/p>\n<h2>Donativo: geven wat je kunt<\/h2>\n<p>[\/et_pb_text][et_pb_text _builder_version=&#8221;4.27.4&#8243; _module_preset=&#8221;default&#8221; text_font=&#8221;Poppins||||||||&#8221; text_text_color=&#8221;#604823&#8243; text_font_size=&#8221;18px&#8221; text_line_height=&#8221;1.8em&#8221; hover_enabled=&#8221;0&#8243; global_colors_info=&#8221;{}&#8221; sticky_enabled=&#8221;0&#8243;]<\/p>\n<p>The hostel is run for and by pilgrims who do so entirely voluntarily through <strong>donations<\/strong>. This is a contribution according to their means, as is the tradition of many pilgrimage routes. This way, the place remains accessible to everyone who is on the journey.<\/p>\n<p>[\/et_pb_text][et_pb_button button_url=&#8221;https:\/\/gitepelerinlechemin.com\/en\/hostel\/donativo\/&#8221; button_text=&#8221;More about donativo&#8221; module_class=&#8221;hangyaboly&#8221; _builder_version=&#8221;4.27.4&#8243; _module_preset=&#8221;default&#8221; custom_button=&#8221;on&#8221; button_text_size=&#8221;25px&#8221; button_text_color=&#8221;#FFFFFF&#8221; button_bg_color=&#8221;#604823&#8243; button_border_width=&#8221;0px&#8221; button_border_color=&#8221;#604823&#8243; button_icon=&#8221;&#x24;||divi||400&#8243; global_colors_info=&#8221;{}&#8221; button_border_radius__hover_enabled=&#8221;on|hover&#8221; button_border_radius__hover=&#8221;3px&#8221;][\/et_pb_button][et_pb_text module_class=&#8221;hangyaboly&#8221; _builder_version=&#8221;4.27.4&#8243; _module_preset=&#8221;default&#8221; text_text_color=&#8221;#FFFFFF&#8221; text_font_size=&#8221;65px&#8221; header_text_align=&#8221;left&#8221; header_text_color=&#8221;#d87e32&#8243; header_font_size=&#8221;60px&#8221; header_2_font=&#8221;||||||||&#8221; header_2_text_align=&#8221;left&#8221; header_2_text_color=&#8221;#604823&#8243; header_2_font_size=&#8221;45px&#8221; text_orientation=&#8221;center&#8221; custom_margin=&#8221;||10px||false|false&#8221; custom_margin_tablet=&#8221;||10px||false|false&#8221; custom_margin_phone=&#8221;||10px||false|false&#8221; custom_margin_last_edited=&#8221;on|phone&#8221; custom_padding=&#8221;||||false|false&#8221; text_font_size_tablet=&#8221;50px&#8221; text_font_size_phone=&#8221;50px&#8221; text_font_size_last_edited=&#8221;on|phone&#8221; global_colors_info=&#8221;{}&#8221;]<\/p>\n<h2>On various pilgrim routes<\/h2>\n<p>[\/et_pb_text][et_pb_text _builder_version=&#8221;4.27.4&#8243; _module_preset=&#8221;default&#8221; text_font=&#8221;Poppins||||||||&#8221; text_text_color=&#8221;#604823&#8243; text_font_size=&#8221;18px&#8221; text_line_height=&#8221;1.8em&#8221; global_colors_info=&#8221;{}&#8221;]<\/p>\n<p>Our g\u00eete is located directly on or close to well-known routes, such as:<\/p>\n<ul>\n<li>the V\u00e9zelay Pilgrim&#8217;s Way (Via Lemovicensis)<\/li>\n<li>de Tour de V\u00e9zelay<\/li>\n<li>the cycling route Along Old Roads<\/li>\n<\/ul>\n<p>[\/et_pb_text][et_pb_button button_url=&#8221;https:\/\/gitepelerinlechemin.com\/en\/hostel\/pilgrim-routes\/&#8221; button_text=&#8221;View all pilgrimage routes&#8221; module_class=&#8221;hangyaboly&#8221; _builder_version=&#8221;4.27.4&#8243; _module_preset=&#8221;default&#8221; custom_button=&#8221;on&#8221; button_text_size=&#8221;25px&#8221; button_text_color=&#8221;#FFFFFF&#8221; button_bg_color=&#8221;#604823&#8243; button_border_width=&#8221;0px&#8221; button_border_color=&#8221;#604823&#8243; button_icon=&#8221;&#x24;||divi||400&#8243; global_colors_info=&#8221;{}&#8221; button_border_radius__hover_enabled=&#8221;on|hover&#8221; button_border_radius__hover=&#8221;3px&#8221;][\/et_pb_button][\/et_pb_column][\/et_pb_row][\/et_pb_section][et_pb_section fb_built=&#8221;1&#8243; admin_label=&#8221;CTA&#8221; _builder_version=&#8221;4.27.4&#8243; background_image=&#8221;https:\/\/gitepelerinlechemin.com\/wp-content\/uploads\/bg2.jpg&#8221; parallax=&#8221;on&#8221; custom_margin=&#8221;|||&#8221; custom_padding=&#8221;0px|||&#8221; global_colors_info=&#8221;{}&#8221;][et_pb_row use_custom_gutter=&#8221;on&#8221; gutter_width=&#8221;1&#8243; custom_padding_last_edited=&#8221;on|phone&#8221; module_id=&#8221;contact&#8221; module_class=&#8221; et_pb_row_fullwidth&#8221; _builder_version=&#8221;4.27.4&#8243; use_background_color_gradient=&#8221;on&#8221; background_color_gradient_stops=&#8221;#ffffff 0%|rgba(255,255,255,0) 22%&#8221; background_color_gradient_start=&#8221;#ffffff&#8221; background_color_gradient_end=&#8221;rgba(255,255,255,0)&#8221; background_color_gradient_end_position=&#8221;22%&#8221; background_size=&#8221;initial&#8221; background_position=&#8221;top_left&#8221; background_repeat=&#8221;repeat&#8221; width=&#8221;100%&#8221; width_tablet=&#8221;100%&#8221; width_phone=&#8221;100%&#8221; width_last_edited=&#8221;on|desktop&#8221; max_width=&#8221;100%&#8221; max_width_tablet=&#8221;100%&#8221; max_width_phone=&#8221;100%&#8221; max_width_last_edited=&#8221;on|desktop&#8221; custom_padding=&#8221;7vw||15vw||false|false&#8221; custom_padding_tablet=&#8221;10vw||5vw||false|false&#8221; custom_padding_phone=&#8221;&#8221; make_fullwidth=&#8221;on&#8221; global_colors_info=&#8221;{}&#8221;][et_pb_column type=&#8221;4_4&#8243; _builder_version=&#8221;4.16&#8243; custom_padding=&#8221;|||&#8221; global_colors_info=&#8221;{}&#8221; custom_padding__hover=&#8221;|||&#8221;][et_pb_text module_class=&#8221;hangyaboly&#8221; _builder_version=&#8221;4.27.4&#8243; _module_preset=&#8221;default&#8221; text_text_color=&#8221;#FFFFFF&#8221; text_font_size=&#8221;65px&#8221; header_text_align=&#8221;left&#8221; header_text_color=&#8221;#d87e32&#8243; header_font_size=&#8221;60px&#8221; header_2_font=&#8221;||||||||&#8221; header_2_text_align=&#8221;center&#8221; header_2_text_color=&#8221;#FFFFFF&#8221; header_2_font_size=&#8221;60px&#8221; text_orientation=&#8221;center&#8221; custom_margin=&#8221;||10px||false|false&#8221; custom_margin_tablet=&#8221;||10px||false|false&#8221; custom_margin_phone=&#8221;||10px||false|false&#8221; custom_margin_last_edited=&#8221;on|phone&#8221; custom_padding=&#8221;||||false|false&#8221; text_font_size_tablet=&#8221;50px&#8221; text_font_size_phone=&#8221;50px&#8221; text_font_size_last_edited=&#8221;on|phone&#8221; global_colors_info=&#8221;{}&#8221;]<\/p>\n<h2>You are very welcome<\/h2>\n<p>[\/et_pb_text][et_pb_text _builder_version=&#8221;4.27.4&#8243; _module_preset=&#8221;default&#8221; text_font=&#8221;Poppins||||||||&#8221; text_text_color=&#8221;#FFFFFF&#8221; text_font_size=&#8221;18px&#8221; text_line_height=&#8221;1.8em&#8221; link_font=&#8221;||||on|||#604823|&#8221; link_text_color=&#8221;#D87E32&#8243; text_orientation=&#8221;center&#8221; max_width=&#8221;45%&#8221; max_width_tablet=&#8221;100%&#8221; max_width_phone=&#8221;100%&#8221; max_width_last_edited=&#8221;on|phone&#8221; module_alignment=&#8221;center&#8221; custom_padding=&#8221;||50px||false|false&#8221; hover_enabled=&#8221;0&#8243; global_colors_info=&#8221;{}&#8221; link_text_color__hover_enabled=&#8221;on|hover&#8221; link_text_color__hover=&#8221;#D87E32&#8243; sticky_enabled=&#8221;0&#8243;]<\/p>\n<p>We&#8217;d love to welcome you to the inn so you can enjoy the beautiful historic site and stunning surroundings.<\/p>\n<p>Have a good trip and see you soon at Le Chemin.<\/p>\n<p>[\/et_pb_text][et_pb_button button_url=&#8221;https:\/\/gitepelerinlechemin.com\/en\/contact\/&#8221; button_text=&#8221;More information or reservation&#8221; button_alignment=&#8221;center&#8221; module_class=&#8221;hangyaboly&#8221; _builder_version=&#8221;4.27.4&#8243; _module_preset=&#8221;default&#8221; custom_button=&#8221;on&#8221; button_text_size=&#8221;25px&#8221; button_text_color=&#8221;#FFFFFF&#8221; button_bg_color=&#8221;#D87E32&#8243; button_border_width=&#8221;4px&#8221; button_border_color=&#8221;#D87E32&#8243; button_icon=&#8221;&#x24;||divi||400&#8243; global_colors_info=&#8221;{}&#8221; button_border_radius__hover_enabled=&#8221;on|hover&#8221; button_border_radius__hover=&#8221;3px&#8221;][\/et_pb_button][\/et_pb_column][\/et_pb_row][\/et_pb_section]<\/p>\n","protected":false},"excerpt":{"rendered":"<p>G\u00eete P\u00e8lerin &#8211; Le CheminWelcome to G\u00eete P\u00e8lerin \u2013 Le Chemin A historic and inspiring place for pilgrims, hikers, and cyclists. Our inn is located on the old Roman road in the village of Anthien, in the hamlet of Le Chemin, 25 km from V\u00e9zelay, at the crossroads of several pilgrimage routes. Formerly L\u2019Esprit Du [&hellip;]<\/p>\n","protected":false},"author":3,"featured_media":0,"parent":0,"menu_order":0,"comment_status":"closed","ping_status":"closed","template":"","meta":{"_et_pb_use_builder":"on","_et_pb_old_content":"","_et_gb_content_width":"","_monsterinsights_skip_tracking":false,"_monsterinsights_sitenote_active":false,"_monsterinsights_sitenote_note":"","_monsterinsights_sitenote_category":0,"footnotes":""},"class_list":["post-117","page","type-page","status-publish","hentry"],"yoast_head":"<!-- This site is optimized with the Yoast SEO plugin v26.5 - https:\/\/yoast.com\/wordpress\/plugins\/seo\/ -->\n<title>G\u00eete P\u00e8lerin \u2013 Le Chemin - G\u00eete Pelerin - Le Chemin<\/title>\n<meta name=\"robots\" content=\"index, follow, max-snippet:-1, max-image-preview:large, max-video-preview:-1\" \/>\n<link rel=\"canonical\" href=\"https:\/\/gitepelerinlechemin.com\/en\/\" \/>\n<meta property=\"og:locale\" content=\"en_US\" \/>\n<meta property=\"og:type\" content=\"article\" \/>\n<meta property=\"og:title\" content=\"G\u00eete P\u00e8lerin \u2013 Le Chemin - G\u00eete Pelerin - Le Chemin\" \/>\n<meta property=\"og:description\" content=\"G\u00eete P\u00e8lerin - Le CheminWelcome to G\u00eete P\u00e8lerin \u2013 Le Chemin A historic and inspiring place for pilgrims, hikers, and cyclists. Our inn is located on the old Roman road in the village of Anthien, in the hamlet of Le Chemin, 25 km from V\u00e9zelay, at the crossroads of several pilgrimage routes. Formerly L\u2019Esprit Du [&hellip;]\" \/>\n<meta property=\"og:url\" content=\"https:\/\/gitepelerinlechemin.com\/en\/\" \/>\n<meta property=\"og:site_name\" content=\"G\u00eete Pelerin - Le Chemin\" \/>\n<meta property=\"article:publisher\" content=\"https:\/\/www.facebook.com\/gitepelerin\" \/>\n<meta property=\"article:modified_time\" content=\"2025-12-11T08:43:15+00:00\" \/>\n<meta name=\"twitter:card\" content=\"summary_large_image\" \/>\n<meta name=\"twitter:label1\" content=\"Est. reading time\" \/>\n\t<meta name=\"twitter:data1\" content=\"9 minutes\" \/>\n<script type=\"application\/ld+json\" class=\"yoast-schema-graph\">{\"@context\":\"https:\/\/schema.org\",\"@graph\":[{\"@type\":\"WebPage\",\"@id\":\"https:\/\/gitepelerinlechemin.com\/en\/\",\"url\":\"https:\/\/gitepelerinlechemin.com\/en\/\",\"name\":\"G\u00eete P\u00e8lerin \u2013 Le Chemin - G\u00eete Pelerin - Le Chemin\",\"isPartOf\":{\"@id\":\"https:\/\/gitepelerinlechemin.com\/#website\"},\"datePublished\":\"2025-11-04T11:57:15+00:00\",\"dateModified\":\"2025-12-11T08:43:15+00:00\",\"breadcrumb\":{\"@id\":\"https:\/\/gitepelerinlechemin.com\/en\/#breadcrumb\"},\"inLanguage\":\"en-US\",\"potentialAction\":[{\"@type\":\"ReadAction\",\"target\":[\"https:\/\/gitepelerinlechemin.com\/en\/\"]}]},{\"@type\":\"BreadcrumbList\",\"@id\":\"https:\/\/gitepelerinlechemin.com\/en\/#breadcrumb\",\"itemListElement\":[{\"@type\":\"ListItem\",\"position\":1,\"name\":\"Home\",\"item\":\"https:\/\/gitepelerinlechemin.com\/en\/\"},{\"@type\":\"ListItem\",\"position\":2,\"name\":\"G\u00eete P\u00e8lerin \u2013 Le Chemin\"}]},{\"@type\":\"WebSite\",\"@id\":\"https:\/\/gitepelerinlechemin.com\/#website\",\"url\":\"https:\/\/gitepelerinlechemin.com\/\",\"name\":\"G\u00eete Pelerin - Le Chemin\",\"description\":\"Waar je ook vandaan komt, bij ons ben je welkom!\",\"publisher\":{\"@id\":\"https:\/\/gitepelerinlechemin.com\/#organization\"},\"potentialAction\":[{\"@type\":\"SearchAction\",\"target\":{\"@type\":\"EntryPoint\",\"urlTemplate\":\"https:\/\/gitepelerinlechemin.com\/?s={search_term_string}\"},\"query-input\":{\"@type\":\"PropertyValueSpecification\",\"valueRequired\":true,\"valueName\":\"search_term_string\"}}],\"inLanguage\":\"en-US\"},{\"@type\":\"Organization\",\"@id\":\"https:\/\/gitepelerinlechemin.com\/#organization\",\"name\":\"G\u00eete Pelerin - Le Chemin\",\"url\":\"https:\/\/gitepelerinlechemin.com\/\",\"logo\":{\"@type\":\"ImageObject\",\"inLanguage\":\"en-US\",\"@id\":\"https:\/\/gitepelerinlechemin.com\/#\/schema\/logo\/image\/\",\"url\":\"https:\/\/gitepelerinlechemin.com\/wp-content\/uploads\/gplc-logo.png\",\"contentUrl\":\"https:\/\/gitepelerinlechemin.com\/wp-content\/uploads\/gplc-logo.png\",\"width\":500,\"height\":171,\"caption\":\"G\u00eete Pelerin - Le Chemin\"},\"image\":{\"@id\":\"https:\/\/gitepelerinlechemin.com\/#\/schema\/logo\/image\/\"},\"sameAs\":[\"https:\/\/www.facebook.com\/gitepelerin\",\"https:\/\/www.instagram.com\/gitepelerin\/\"]}]}<\/script>\n<!-- \/ Yoast SEO plugin. -->","yoast_head_json":{"title":"G\u00eete P\u00e8lerin \u2013 Le Chemin - G\u00eete Pelerin - Le Chemin","robots":{"index":"index","follow":"follow","max-snippet":"max-snippet:-1","max-image-preview":"max-image-preview:large","max-video-preview":"max-video-preview:-1"},"canonical":"https:\/\/gitepelerinlechemin.com\/en\/","og_locale":"en_US","og_type":"article","og_title":"G\u00eete P\u00e8lerin \u2013 Le Chemin - G\u00eete Pelerin - Le Chemin","og_description":"G\u00eete P\u00e8lerin - Le CheminWelcome to G\u00eete P\u00e8lerin \u2013 Le Chemin A historic and inspiring place for pilgrims, hikers, and cyclists. Our inn is located on the old Roman road in the village of Anthien, in the hamlet of Le Chemin, 25 km from V\u00e9zelay, at the crossroads of several pilgrimage routes. Formerly L\u2019Esprit Du [&hellip;]","og_url":"https:\/\/gitepelerinlechemin.com\/en\/","og_site_name":"G\u00eete Pelerin - Le Chemin","article_publisher":"https:\/\/www.facebook.com\/gitepelerin","article_modified_time":"2025-12-11T08:43:15+00:00","twitter_card":"summary_large_image","twitter_misc":{"Est. reading time":"9 minutes"},"schema":{"@context":"https:\/\/schema.org","@graph":[{"@type":"WebPage","@id":"https:\/\/gitepelerinlechemin.com\/en\/","url":"https:\/\/gitepelerinlechemin.com\/en\/","name":"G\u00eete P\u00e8lerin \u2013 Le Chemin - G\u00eete Pelerin - Le Chemin","isPartOf":{"@id":"https:\/\/gitepelerinlechemin.com\/#website"},"datePublished":"2025-11-04T11:57:15+00:00","dateModified":"2025-12-11T08:43:15+00:00","breadcrumb":{"@id":"https:\/\/gitepelerinlechemin.com\/en\/#breadcrumb"},"inLanguage":"en-US","potentialAction":[{"@type":"ReadAction","target":["https:\/\/gitepelerinlechemin.com\/en\/"]}]},{"@type":"BreadcrumbList","@id":"https:\/\/gitepelerinlechemin.com\/en\/#breadcrumb","itemListElement":[{"@type":"ListItem","position":1,"name":"Home","item":"https:\/\/gitepelerinlechemin.com\/en\/"},{"@type":"ListItem","position":2,"name":"G\u00eete P\u00e8lerin \u2013 Le Chemin"}]},{"@type":"WebSite","@id":"https:\/\/gitepelerinlechemin.com\/#website","url":"https:\/\/gitepelerinlechemin.com\/","name":"G\u00eete Pelerin - Le Chemin","description":"Waar je ook vandaan komt, bij ons ben je welkom!","publisher":{"@id":"https:\/\/gitepelerinlechemin.com\/#organization"},"potentialAction":[{"@type":"SearchAction","target":{"@type":"EntryPoint","urlTemplate":"https:\/\/gitepelerinlechemin.com\/?s={search_term_string}"},"query-input":{"@type":"PropertyValueSpecification","valueRequired":true,"valueName":"search_term_string"}}],"inLanguage":"en-US"},{"@type":"Organization","@id":"https:\/\/gitepelerinlechemin.com\/#organization","name":"G\u00eete Pelerin - Le Chemin","url":"https:\/\/gitepelerinlechemin.com\/","logo":{"@type":"ImageObject","inLanguage":"en-US","@id":"https:\/\/gitepelerinlechemin.com\/#\/schema\/logo\/image\/","url":"https:\/\/gitepelerinlechemin.com\/wp-content\/uploads\/gplc-logo.png","contentUrl":"https:\/\/gitepelerinlechemin.com\/wp-content\/uploads\/gplc-logo.png","width":500,"height":171,"caption":"G\u00eete Pelerin - Le Chemin"},"image":{"@id":"https:\/\/gitepelerinlechemin.com\/#\/schema\/logo\/image\/"},"sameAs":["https:\/\/www.facebook.com\/gitepelerin","https:\/\/www.instagram.com\/gitepelerin\/"]}]}},"_links":{"self":[{"href":"https:\/\/gitepelerinlechemin.com\/en\/wp-json\/wp\/v2\/pages\/117","targetHints":{"allow":["GET"]}}],"collection":[{"href":"https:\/\/gitepelerinlechemin.com\/en\/wp-json\/wp\/v2\/pages"}],"about":[{"href":"https:\/\/gitepelerinlechemin.com\/en\/wp-json\/wp\/v2\/types\/page"}],"author":[{"embeddable":true,"href":"https:\/\/gitepelerinlechemin.com\/en\/wp-json\/wp\/v2\/users\/3"}],"replies":[{"embeddable":true,"href":"https:\/\/gitepelerinlechemin.com\/en\/wp-json\/wp\/v2\/comments?post=117"}],"version-history":[{"count":12,"href":"https:\/\/gitepelerinlechemin.com\/en\/wp-json\/wp\/v2\/pages\/117\/revisions"}],"predecessor-version":[{"id":401,"href":"https:\/\/gitepelerinlechemin.com\/en\/wp-json\/wp\/v2\/pages\/117\/revisions\/401"}],"wp:attachment":[{"href":"https:\/\/gitepelerinlechemin.com\/en\/wp-json\/wp\/v2\/media?parent=117"}],"curies":[{"name":"wp","href":"https:\/\/api.w.org\/{rel}","templated":true}]}}